{"id":845,"date":"2025-01-14T18:01:32","date_gmt":"2025-01-14T17:01:32","guid":{"rendered":"https:\/\/www.teamprofi.de\/kirchheimer-sc\/?post_type=product&#038;p=845"},"modified":"2025-02-06T14:16:55","modified_gmt":"2025-02-06T13:16:55","slug":"rush-2-0-short-tight","status":"publish","type":"product","link":"https:\/\/www.teamprofi.de\/kirchheimer-sc\/produkt\/rush-2-0-short-tight","title":{"rendered":"Rush 2.0 Short Tight"},"content":{"rendered":"<p><strong>Beschreibung<\/strong><\/p>\n<p>Rush 2.0 Short Tights sind leichte und elastische Tights, die einen effizienten Feuchtigkeitstransport und gro\u00dfe Bewegungsfreiheit bei intensiven k\u00f6rperlichen Aktivit\u00e4ten wie Leichtathletik und Gymnastik bieten. Dieses aus recyceltem Polyester gefertigte Kleidungsst\u00fcck geh\u00f6rt zur neuen Generation von Sportbekleidung mit einem geringeren \u00f6kologischen Fu\u00dfabdruck. Perfekt f\u00fcr das Branding mit Vereins-, Sponsoren- oder Firmenlogos.<\/p>\n<p>\u2022 Hergestellt aus recyceltem Polyester<br \/>\n\u2022 Klares Design<\/p>\n","protected":false},"excerpt":{"rendered":"<p>Beschreibung Rush 2.0 Short Tights sind leichte und elastische Tights, die einen effizienten Feuchtigkeitstransport und gro\u00dfe Bewegungsfreiheit bei intensiven k\u00f6rperlichen Aktivit\u00e4ten wie Leichtathletik und Gymnastik bieten. Dieses aus recyceltem Polyester<\/p>\n","protected":false},"featured_media":984,"template":"","meta":{"inline_featured_image":false},"product_brand":[],"product_cat":[139],"product_tag":[],"class_list":{"0":"post-845","1":"product","2":"type-product","3":"status-publish","4":"has-post-thumbnail","6":"product_cat-teamsport-leichtathletik","8":"first","9":"instock","10":"taxable","11":"shipping-taxable","12":"purchasable","13":"product-type-variable"},"yoast_head":"<!-- This site is optimized with the Yoast SEO plugin v27.3 - https:\/\/yoast.com\/product\/yoast-seo-wordpress\/ -->\n<title>Rush 2.0 Short Tight - Kirchheimer SC<\/title>\n<meta name=\"robots\" content=\"index, follow, max-snippet:-1, max-image-preview:large, max-video-preview:-1\" \/>\n<link rel=\"canonical\" href=\"https:\/\/www.teamprofi.de\/kirchheimer-sc\/produkt\/rush-2-0-short-tight\" \/>\n<meta property=\"og:locale\" content=\"de_DE\" \/>\n<meta property=\"og:type\" content=\"article\" \/>\n<meta property=\"og:title\" content=\"Rush 2.0 Short Tight - Kirchheimer SC\" \/>\n<meta property=\"og:description\" content=\"Beschreibung Rush 2.0 Short Tights sind leichte und elastische Tights, die einen effizienten Feuchtigkeitstransport und gro\u00dfe Bewegungsfreiheit bei intensiven k\u00f6rperlichen Aktivit\u00e4ten wie Leichtathletik und Gymnastik bieten. Dieses aus recyceltem Polyester\" \/>\n<meta property=\"og:url\" content=\"https:\/\/www.teamprofi.de\/kirchheimer-sc\/produkt\/rush-2-0-short-tight\" \/>\n<meta property=\"og:site_name\" content=\"Kirchheimer SC\" \/>\n<meta property=\"article:modified_time\" content=\"2025-02-06T13:16:55+00:00\" \/>\n<meta property=\"og:image\" content=\"https:\/\/www.teamprofi.de\/kirchheimer-sc\/wp-content\/uploads\/sites\/29\/2025\/01\/1914667-999000_Rush-2.0-Short-Tights-M-Black_Front.jpg\" \/>\n\t<meta property=\"og:image:width\" content=\"750\" \/>\n\t<meta property=\"og:image:height\" content=\"1000\" \/>\n\t<meta property=\"og:image:type\" content=\"image\/jpeg\" \/>\n<meta name=\"twitter:card\" content=\"summary_large_image\" \/>\n<meta name=\"twitter:label1\" content=\"Gesch\u00e4tzte Lesezeit\" \/>\n\t<meta name=\"twitter:data1\" content=\"1\u00a0Minute\" \/>\n<script type=\"application\/ld+json\" class=\"yoast-schema-graph\">{\"@context\":\"https:\\\/\\\/schema.org\",\"@graph\":[{\"@type\":\"WebPage\",\"@id\":\"https:\\\/\\\/www.teamprofi.de\\\/kirchheimer-sc\\\/produkt\\\/rush-2-0-short-tight\",\"url\":\"https:\\\/\\\/www.teamprofi.de\\\/kirchheimer-sc\\\/produkt\\\/rush-2-0-short-tight\",\"name\":\"Rush 2.0 Short Tight - Kirchheimer SC\",\"isPartOf\":{\"@id\":\"https:\\\/\\\/www.teamprofi.de\\\/kirchheimer-sc\\\/#website\"},\"primaryImageOfPage\":{\"@id\":\"https:\\\/\\\/www.teamprofi.de\\\/kirchheimer-sc\\\/produkt\\\/rush-2-0-short-tight#primaryimage\"},\"image\":{\"@id\":\"https:\\\/\\\/www.teamprofi.de\\\/kirchheimer-sc\\\/produkt\\\/rush-2-0-short-tight#primaryimage\"},\"thumbnailUrl\":\"https:\\\/\\\/www.teamprofi.de\\\/kirchheimer-sc\\\/wp-content\\\/uploads\\\/sites\\\/29\\\/2025\\\/01\\\/1914667-999000_Rush-2.0-Short-Tights-M-Black_Front.jpg\",\"datePublished\":\"2025-01-14T17:01:32+00:00\",\"dateModified\":\"2025-02-06T13:16:55+00:00\",\"breadcrumb\":{\"@id\":\"https:\\\/\\\/www.teamprofi.de\\\/kirchheimer-sc\\\/produkt\\\/rush-2-0-short-tight#breadcrumb\"},\"inLanguage\":\"de\",\"potentialAction\":[{\"@type\":\"ReadAction\",\"target\":[\"https:\\\/\\\/www.teamprofi.de\\\/kirchheimer-sc\\\/produkt\\\/rush-2-0-short-tight\"]}]},{\"@type\":\"ImageObject\",\"inLanguage\":\"de\",\"@id\":\"https:\\\/\\\/www.teamprofi.de\\\/kirchheimer-sc\\\/produkt\\\/rush-2-0-short-tight#primaryimage\",\"url\":\"https:\\\/\\\/www.teamprofi.de\\\/kirchheimer-sc\\\/wp-content\\\/uploads\\\/sites\\\/29\\\/2025\\\/01\\\/1914667-999000_Rush-2.0-Short-Tights-M-Black_Front.jpg\",\"contentUrl\":\"https:\\\/\\\/www.teamprofi.de\\\/kirchheimer-sc\\\/wp-content\\\/uploads\\\/sites\\\/29\\\/2025\\\/01\\\/1914667-999000_Rush-2.0-Short-Tights-M-Black_Front.jpg\",\"width\":750,\"height\":1000},{\"@type\":\"BreadcrumbList\",\"@id\":\"https:\\\/\\\/www.teamprofi.de\\\/kirchheimer-sc\\\/produkt\\\/rush-2-0-short-tight#breadcrumb\",\"itemListElement\":[{\"@type\":\"ListItem\",\"position\":1,\"name\":\"Startseite\",\"item\":\"https:\\\/\\\/www.teamprofi.de\\\/kirchheimer-sc\\\/\"},{\"@type\":\"ListItem\",\"position\":2,\"name\":\"Shop\",\"item\":\"https:\\\/\\\/www.teamprofi.de\\\/kirchheimer-sc\\\/\"},{\"@type\":\"ListItem\",\"position\":3,\"name\":\"Rush 2.0 Short Tight\"}]},{\"@type\":\"WebSite\",\"@id\":\"https:\\\/\\\/www.teamprofi.de\\\/kirchheimer-sc\\\/#website\",\"url\":\"https:\\\/\\\/www.teamprofi.de\\\/kirchheimer-sc\\\/\",\"name\":\"Kirchheimer SC\",\"description\":\"Vereins Shop Kirchheimer SC - Sport G\u00fcrteler\",\"potentialAction\":[{\"@type\":\"SearchAction\",\"target\":{\"@type\":\"EntryPoint\",\"urlTemplate\":\"https:\\\/\\\/www.teamprofi.de\\\/kirchheimer-sc\\\/?s={search_term_string}\"},\"query-input\":{\"@type\":\"PropertyValueSpecification\",\"valueRequired\":true,\"valueName\":\"search_term_string\"}}],\"inLanguage\":\"de\"}]}<\/script>\n<!-- \/ Yoast SEO plugin. -->","yoast_head_json":{"title":"Rush 2.0 Short Tight - Kirchheimer SC","robots":{"index":"index","follow":"follow","max-snippet":"max-snippet:-1","max-image-preview":"max-image-preview:large","max-video-preview":"max-video-preview:-1"},"canonical":"https:\/\/www.teamprofi.de\/kirchheimer-sc\/produkt\/rush-2-0-short-tight","og_locale":"de_DE","og_type":"article","og_title":"Rush 2.0 Short Tight - Kirchheimer SC","og_description":"Beschreibung Rush 2.0 Short Tights sind leichte und elastische Tights, die einen effizienten Feuchtigkeitstransport und gro\u00dfe Bewegungsfreiheit bei intensiven k\u00f6rperlichen Aktivit\u00e4ten wie Leichtathletik und Gymnastik bieten. Dieses aus recyceltem Polyester","og_url":"https:\/\/www.teamprofi.de\/kirchheimer-sc\/produkt\/rush-2-0-short-tight","og_site_name":"Kirchheimer SC","article_modified_time":"2025-02-06T13:16:55+00:00","og_image":[{"width":750,"height":1000,"url":"https:\/\/www.teamprofi.de\/kirchheimer-sc\/wp-content\/uploads\/sites\/29\/2025\/01\/1914667-999000_Rush-2.0-Short-Tights-M-Black_Front.jpg","type":"image\/jpeg"}],"twitter_card":"summary_large_image","twitter_misc":{"Gesch\u00e4tzte Lesezeit":"1\u00a0Minute"},"schema":{"@context":"https:\/\/schema.org","@graph":[{"@type":"WebPage","@id":"https:\/\/www.teamprofi.de\/kirchheimer-sc\/produkt\/rush-2-0-short-tight","url":"https:\/\/www.teamprofi.de\/kirchheimer-sc\/produkt\/rush-2-0-short-tight","name":"Rush 2.0 Short Tight - Kirchheimer SC","isPartOf":{"@id":"https:\/\/www.teamprofi.de\/kirchheimer-sc\/#website"},"primaryImageOfPage":{"@id":"https:\/\/www.teamprofi.de\/kirchheimer-sc\/produkt\/rush-2-0-short-tight#primaryimage"},"image":{"@id":"https:\/\/www.teamprofi.de\/kirchheimer-sc\/produkt\/rush-2-0-short-tight#primaryimage"},"thumbnailUrl":"https:\/\/www.teamprofi.de\/kirchheimer-sc\/wp-content\/uploads\/sites\/29\/2025\/01\/1914667-999000_Rush-2.0-Short-Tights-M-Black_Front.jpg","datePublished":"2025-01-14T17:01:32+00:00","dateModified":"2025-02-06T13:16:55+00:00","breadcrumb":{"@id":"https:\/\/www.teamprofi.de\/kirchheimer-sc\/produkt\/rush-2-0-short-tight#breadcrumb"},"inLanguage":"de","potentialAction":[{"@type":"ReadAction","target":["https:\/\/www.teamprofi.de\/kirchheimer-sc\/produkt\/rush-2-0-short-tight"]}]},{"@type":"ImageObject","inLanguage":"de","@id":"https:\/\/www.teamprofi.de\/kirchheimer-sc\/produkt\/rush-2-0-short-tight#primaryimage","url":"https:\/\/www.teamprofi.de\/kirchheimer-sc\/wp-content\/uploads\/sites\/29\/2025\/01\/1914667-999000_Rush-2.0-Short-Tights-M-Black_Front.jpg","contentUrl":"https:\/\/www.teamprofi.de\/kirchheimer-sc\/wp-content\/uploads\/sites\/29\/2025\/01\/1914667-999000_Rush-2.0-Short-Tights-M-Black_Front.jpg","width":750,"height":1000},{"@type":"BreadcrumbList","@id":"https:\/\/www.teamprofi.de\/kirchheimer-sc\/produkt\/rush-2-0-short-tight#breadcrumb","itemListElement":[{"@type":"ListItem","position":1,"name":"Startseite","item":"https:\/\/www.teamprofi.de\/kirchheimer-sc\/"},{"@type":"ListItem","position":2,"name":"Shop","item":"https:\/\/www.teamprofi.de\/kirchheimer-sc\/"},{"@type":"ListItem","position":3,"name":"Rush 2.0 Short Tight"}]},{"@type":"WebSite","@id":"https:\/\/www.teamprofi.de\/kirchheimer-sc\/#website","url":"https:\/\/www.teamprofi.de\/kirchheimer-sc\/","name":"Kirchheimer SC","description":"Vereins Shop Kirchheimer SC - Sport G\u00fcrteler","potentialAction":[{"@type":"SearchAction","target":{"@type":"EntryPoint","urlTemplate":"https:\/\/www.teamprofi.de\/kirchheimer-sc\/?s={search_term_string}"},"query-input":{"@type":"PropertyValueSpecification","valueRequired":true,"valueName":"search_term_string"}}],"inLanguage":"de"}]}},"_links":{"self":[{"href":"https:\/\/www.teamprofi.de\/kirchheimer-sc\/wp-json\/wp\/v2\/product\/845","targetHints":{"allow":["GET"]}}],"collection":[{"href":"https:\/\/www.teamprofi.de\/kirchheimer-sc\/wp-json\/wp\/v2\/product"}],"about":[{"href":"https:\/\/www.teamprofi.de\/kirchheimer-sc\/wp-json\/wp\/v2\/types\/product"}],"wp:featuredmedia":[{"embeddable":true,"href":"https:\/\/www.teamprofi.de\/kirchheimer-sc\/wp-json\/wp\/v2\/media\/984"}],"wp:attachment":[{"href":"https:\/\/www.teamprofi.de\/kirchheimer-sc\/wp-json\/wp\/v2\/media?parent=845"}],"wp:term":[{"taxonomy":"product_brand","embeddable":true,"href":"https:\/\/www.teamprofi.de\/kirchheimer-sc\/wp-json\/wp\/v2\/product_brand?post=845"},{"taxonomy":"product_cat","embeddable":true,"href":"https:\/\/www.teamprofi.de\/kirchheimer-sc\/wp-json\/wp\/v2\/product_cat?post=845"},{"taxonomy":"product_tag","embeddable":true,"href":"https:\/\/www.teamprofi.de\/kirchheimer-sc\/wp-json\/wp\/v2\/product_tag?post=845"}],"curies":[{"name":"wp","href":"https:\/\/api.w.org\/{rel}","templated":true}]}}