{"id":524,"date":"2022-07-22T11:39:53","date_gmt":"2022-07-22T09:39:53","guid":{"rendered":"https:\/\/www.teamprofi.de\/kirchheimer-sc\/?post_type=product&#038;p=524"},"modified":"2022-12-03T14:34:04","modified_gmt":"2022-12-03T13:34:04","slug":"pro-control-poloshirt-w","status":"publish","type":"product","link":"https:\/\/www.teamprofi.de\/kirchheimer-sc\/produkt\/pro-control-poloshirt-w","title":{"rendered":"Pro Control Poloshirt W"},"content":{"rendered":"<p>Zeig Stil und verschaffe dir einen Vorteil gegen\u00fcber deinen Rivalen, bevor das Spiel beginnt. Dieses weiche und klassische Polo-Shirt sorgt w\u00e4hrend der gesamten Saison f\u00fcr Teamgeist. Tragen es vor und nach dem Spiel oder bei anderen Gelegenheiten, wenn du das Team au\u00dferhalb des Platzes repr\u00e4sentierst.<\/p>\n<p>&nbsp;<\/p>\n<p>&nbsp;<\/p>\n<table>\n<tbody>\n<tr>\n<td>Material<\/td>\n<td>Einfarbig: 100% Polyester (recycelt)<\/td>\n<\/tr>\n<tr>\n<td>Features<\/td>\n<td>Moisture Transport<br \/>\n<i class=\"icon-quickdry\"><\/i> Quick Dry<\/td>\n<\/tr>\n<\/tbody>\n<\/table>\n<p><\/p>\n","protected":false},"excerpt":{"rendered":"<p>Zeig Stil und verschaffe dir einen Vorteil gegen\u00fcber deinen Rivalen, bevor das Spiel beginnt. Dieses weiche und klassische Polo-Shirt sorgt w\u00e4hrend der gesamten Saison f\u00fcr Teamgeist. Tragen es vor und<\/p>\n","protected":false},"featured_media":628,"template":"","meta":{"inline_featured_image":false},"product_brand":[],"product_cat":[140],"product_tag":[],"class_list":{"0":"post-524","1":"product","2":"type-product","3":"status-publish","4":"has-post-thumbnail","6":"product_cat-teamsport-badminton","8":"first","9":"instock","10":"taxable","11":"shipping-taxable","12":"purchasable","13":"product-type-variable"},"yoast_head":"<!-- This site is optimized with the Yoast SEO plugin v27.3 - https:\/\/yoast.com\/product\/yoast-seo-wordpress\/ -->\n<title>Pro Control Poloshirt W - Kirchheimer SC<\/title>\n<meta name=\"robots\" content=\"index, follow, max-snippet:-1, max-image-preview:large, max-video-preview:-1\" \/>\n<link rel=\"canonical\" href=\"https:\/\/www.teamprofi.de\/kirchheimer-sc\/produkt\/pro-control-poloshirt-w\" \/>\n<meta property=\"og:locale\" content=\"de_DE\" \/>\n<meta property=\"og:type\" content=\"article\" \/>\n<meta property=\"og:title\" content=\"Pro Control Poloshirt W - Kirchheimer SC\" \/>\n<meta property=\"og:description\" content=\"Zeig Stil und verschaffe dir einen Vorteil gegen\u00fcber deinen Rivalen, bevor das Spiel beginnt. Dieses weiche und klassische Polo-Shirt sorgt w\u00e4hrend der gesamten Saison f\u00fcr Teamgeist. Tragen es vor und\" \/>\n<meta property=\"og:url\" content=\"https:\/\/www.teamprofi.de\/kirchheimer-sc\/produkt\/pro-control-poloshirt-w\" \/>\n<meta property=\"og:site_name\" content=\"Kirchheimer SC\" \/>\n<meta property=\"article:modified_time\" content=\"2022-12-03T13:34:04+00:00\" \/>\n<meta property=\"og:image\" content=\"https:\/\/www.teamprofi.de\/kirchheimer-sc\/wp-content\/uploads\/sites\/29\/2022\/07\/1906735-346999_130903_Preview.jpg\" \/>\n\t<meta property=\"og:image:width\" content=\"2363\" \/>\n\t<meta property=\"og:image:height\" content=\"3150\" \/>\n\t<meta property=\"og:image:type\" content=\"image\/jpeg\" \/>\n<meta name=\"twitter:card\" content=\"summary_large_image\" \/>\n<script type=\"application\/ld+json\" class=\"yoast-schema-graph\">{\"@context\":\"https:\\\/\\\/schema.org\",\"@graph\":[{\"@type\":\"WebPage\",\"@id\":\"https:\\\/\\\/www.teamprofi.de\\\/kirchheimer-sc\\\/produkt\\\/pro-control-poloshirt-w\",\"url\":\"https:\\\/\\\/www.teamprofi.de\\\/kirchheimer-sc\\\/produkt\\\/pro-control-poloshirt-w\",\"name\":\"Pro Control Poloshirt W - Kirchheimer SC\",\"isPartOf\":{\"@id\":\"https:\\\/\\\/www.teamprofi.de\\\/kirchheimer-sc\\\/#website\"},\"primaryImageOfPage\":{\"@id\":\"https:\\\/\\\/www.teamprofi.de\\\/kirchheimer-sc\\\/produkt\\\/pro-control-poloshirt-w#primaryimage\"},\"image\":{\"@id\":\"https:\\\/\\\/www.teamprofi.de\\\/kirchheimer-sc\\\/produkt\\\/pro-control-poloshirt-w#primaryimage\"},\"thumbnailUrl\":\"https:\\\/\\\/www.teamprofi.de\\\/kirchheimer-sc\\\/wp-content\\\/uploads\\\/sites\\\/29\\\/2022\\\/07\\\/1906735-346999_130903_Preview.jpg\",\"datePublished\":\"2022-07-22T09:39:53+00:00\",\"dateModified\":\"2022-12-03T13:34:04+00:00\",\"breadcrumb\":{\"@id\":\"https:\\\/\\\/www.teamprofi.de\\\/kirchheimer-sc\\\/produkt\\\/pro-control-poloshirt-w#breadcrumb\"},\"inLanguage\":\"de\",\"potentialAction\":[{\"@type\":\"ReadAction\",\"target\":[\"https:\\\/\\\/www.teamprofi.de\\\/kirchheimer-sc\\\/produkt\\\/pro-control-poloshirt-w\"]}]},{\"@type\":\"ImageObject\",\"inLanguage\":\"de\",\"@id\":\"https:\\\/\\\/www.teamprofi.de\\\/kirchheimer-sc\\\/produkt\\\/pro-control-poloshirt-w#primaryimage\",\"url\":\"https:\\\/\\\/www.teamprofi.de\\\/kirchheimer-sc\\\/wp-content\\\/uploads\\\/sites\\\/29\\\/2022\\\/07\\\/1906735-346999_130903_Preview.jpg\",\"contentUrl\":\"https:\\\/\\\/www.teamprofi.de\\\/kirchheimer-sc\\\/wp-content\\\/uploads\\\/sites\\\/29\\\/2022\\\/07\\\/1906735-346999_130903_Preview.jpg\",\"width\":2363,\"height\":3150},{\"@type\":\"BreadcrumbList\",\"@id\":\"https:\\\/\\\/www.teamprofi.de\\\/kirchheimer-sc\\\/produkt\\\/pro-control-poloshirt-w#breadcrumb\",\"itemListElement\":[{\"@type\":\"ListItem\",\"position\":1,\"name\":\"Startseite\",\"item\":\"https:\\\/\\\/www.teamprofi.de\\\/kirchheimer-sc\\\/\"},{\"@type\":\"ListItem\",\"position\":2,\"name\":\"Shop\",\"item\":\"https:\\\/\\\/www.teamprofi.de\\\/kirchheimer-sc\\\/\"},{\"@type\":\"ListItem\",\"position\":3,\"name\":\"Pro Control Poloshirt W\"}]},{\"@type\":\"WebSite\",\"@id\":\"https:\\\/\\\/www.teamprofi.de\\\/kirchheimer-sc\\\/#website\",\"url\":\"https:\\\/\\\/www.teamprofi.de\\\/kirchheimer-sc\\\/\",\"name\":\"Kirchheimer SC\",\"description\":\"Vereins Shop Kirchheimer SC - Sport G\u00fcrteler\",\"potentialAction\":[{\"@type\":\"SearchAction\",\"target\":{\"@type\":\"EntryPoint\",\"urlTemplate\":\"https:\\\/\\\/www.teamprofi.de\\\/kirchheimer-sc\\\/?s={search_term_string}\"},\"query-input\":{\"@type\":\"PropertyValueSpecification\",\"valueRequired\":true,\"valueName\":\"search_term_string\"}}],\"inLanguage\":\"de\"}]}<\/script>\n<!-- \/ Yoast SEO plugin. -->","yoast_head_json":{"title":"Pro Control Poloshirt W - Kirchheimer SC","robots":{"index":"index","follow":"follow","max-snippet":"max-snippet:-1","max-image-preview":"max-image-preview:large","max-video-preview":"max-video-preview:-1"},"canonical":"https:\/\/www.teamprofi.de\/kirchheimer-sc\/produkt\/pro-control-poloshirt-w","og_locale":"de_DE","og_type":"article","og_title":"Pro Control Poloshirt W - Kirchheimer SC","og_description":"Zeig Stil und verschaffe dir einen Vorteil gegen\u00fcber deinen Rivalen, bevor das Spiel beginnt. Dieses weiche und klassische Polo-Shirt sorgt w\u00e4hrend der gesamten Saison f\u00fcr Teamgeist. Tragen es vor und","og_url":"https:\/\/www.teamprofi.de\/kirchheimer-sc\/produkt\/pro-control-poloshirt-w","og_site_name":"Kirchheimer SC","article_modified_time":"2022-12-03T13:34:04+00:00","og_image":[{"width":2363,"height":3150,"url":"https:\/\/www.teamprofi.de\/kirchheimer-sc\/wp-content\/uploads\/sites\/29\/2022\/07\/1906735-346999_130903_Preview.jpg","type":"image\/jpeg"}],"twitter_card":"summary_large_image","schema":{"@context":"https:\/\/schema.org","@graph":[{"@type":"WebPage","@id":"https:\/\/www.teamprofi.de\/kirchheimer-sc\/produkt\/pro-control-poloshirt-w","url":"https:\/\/www.teamprofi.de\/kirchheimer-sc\/produkt\/pro-control-poloshirt-w","name":"Pro Control Poloshirt W - Kirchheimer SC","isPartOf":{"@id":"https:\/\/www.teamprofi.de\/kirchheimer-sc\/#website"},"primaryImageOfPage":{"@id":"https:\/\/www.teamprofi.de\/kirchheimer-sc\/produkt\/pro-control-poloshirt-w#primaryimage"},"image":{"@id":"https:\/\/www.teamprofi.de\/kirchheimer-sc\/produkt\/pro-control-poloshirt-w#primaryimage"},"thumbnailUrl":"https:\/\/www.teamprofi.de\/kirchheimer-sc\/wp-content\/uploads\/sites\/29\/2022\/07\/1906735-346999_130903_Preview.jpg","datePublished":"2022-07-22T09:39:53+00:00","dateModified":"2022-12-03T13:34:04+00:00","breadcrumb":{"@id":"https:\/\/www.teamprofi.de\/kirchheimer-sc\/produkt\/pro-control-poloshirt-w#breadcrumb"},"inLanguage":"de","potentialAction":[{"@type":"ReadAction","target":["https:\/\/www.teamprofi.de\/kirchheimer-sc\/produkt\/pro-control-poloshirt-w"]}]},{"@type":"ImageObject","inLanguage":"de","@id":"https:\/\/www.teamprofi.de\/kirchheimer-sc\/produkt\/pro-control-poloshirt-w#primaryimage","url":"https:\/\/www.teamprofi.de\/kirchheimer-sc\/wp-content\/uploads\/sites\/29\/2022\/07\/1906735-346999_130903_Preview.jpg","contentUrl":"https:\/\/www.teamprofi.de\/kirchheimer-sc\/wp-content\/uploads\/sites\/29\/2022\/07\/1906735-346999_130903_Preview.jpg","width":2363,"height":3150},{"@type":"BreadcrumbList","@id":"https:\/\/www.teamprofi.de\/kirchheimer-sc\/produkt\/pro-control-poloshirt-w#breadcrumb","itemListElement":[{"@type":"ListItem","position":1,"name":"Startseite","item":"https:\/\/www.teamprofi.de\/kirchheimer-sc\/"},{"@type":"ListItem","position":2,"name":"Shop","item":"https:\/\/www.teamprofi.de\/kirchheimer-sc\/"},{"@type":"ListItem","position":3,"name":"Pro Control Poloshirt W"}]},{"@type":"WebSite","@id":"https:\/\/www.teamprofi.de\/kirchheimer-sc\/#website","url":"https:\/\/www.teamprofi.de\/kirchheimer-sc\/","name":"Kirchheimer SC","description":"Vereins Shop Kirchheimer SC - Sport G\u00fcrteler","potentialAction":[{"@type":"SearchAction","target":{"@type":"EntryPoint","urlTemplate":"https:\/\/www.teamprofi.de\/kirchheimer-sc\/?s={search_term_string}"},"query-input":{"@type":"PropertyValueSpecification","valueRequired":true,"valueName":"search_term_string"}}],"inLanguage":"de"}]}},"_links":{"self":[{"href":"https:\/\/www.teamprofi.de\/kirchheimer-sc\/wp-json\/wp\/v2\/product\/524","targetHints":{"allow":["GET"]}}],"collection":[{"href":"https:\/\/www.teamprofi.de\/kirchheimer-sc\/wp-json\/wp\/v2\/product"}],"about":[{"href":"https:\/\/www.teamprofi.de\/kirchheimer-sc\/wp-json\/wp\/v2\/types\/product"}],"wp:featuredmedia":[{"embeddable":true,"href":"https:\/\/www.teamprofi.de\/kirchheimer-sc\/wp-json\/wp\/v2\/media\/628"}],"wp:attachment":[{"href":"https:\/\/www.teamprofi.de\/kirchheimer-sc\/wp-json\/wp\/v2\/media?parent=524"}],"wp:term":[{"taxonomy":"product_brand","embeddable":true,"href":"https:\/\/www.teamprofi.de\/kirchheimer-sc\/wp-json\/wp\/v2\/product_brand?post=524"},{"taxonomy":"product_cat","embeddable":true,"href":"https:\/\/www.teamprofi.de\/kirchheimer-sc\/wp-json\/wp\/v2\/product_cat?post=524"},{"taxonomy":"product_tag","embeddable":true,"href":"https:\/\/www.teamprofi.de\/kirchheimer-sc\/wp-json\/wp\/v2\/product_tag?post=524"}],"curies":[{"name":"wp","href":"https:\/\/api.w.org\/{rel}","templated":true}]}}