{"id":295,"date":"2022-05-27T10:16:29","date_gmt":"2022-05-27T08:16:29","guid":{"rendered":"https:\/\/www.teamprofi.de\/kirchheimer-sc\/?post_type=product&#038;p=295"},"modified":"2026-02-20T07:58:27","modified_gmt":"2026-02-20T06:58:27","slug":"jacket-parkas","status":"publish","type":"product","link":"https:\/\/www.teamprofi.de\/kirchheimer-sc\/produkt\/jacket-parkas","title":{"rendered":"Jacket Parkas"},"content":{"rendered":"<p>Wattierte, lange Jacke mit strapazierf\u00e4higem Au\u00dfenmaterial, die sich ideal zum Aufw\u00e4rmen bei K\u00e4lte oder als warme Jacke f\u00fcr Mitarbeiter, Helfer und Spieler auf der Bank eignet.<\/p>\n<p>\u2022 WP 3000 \/ MVP 3000<br \/>\n\u2022 2-Wege-Rei\u00dfverschluss<br \/>\n\u2022 Abnehmbare Kapuze<br \/>\n\u2022 6 Taschen<br \/>\n\u2022 \u00c4rmelabschl\u00fcsse anpassbar<br \/>\n\u2022 Kapuze \u00fcber Kordelzug verstellbar<\/p>\n<p>&nbsp;<\/p>\n<p>&nbsp;<\/p>\n<table>\n<tbody>\n<tr>\n<td>Material<\/td>\n<td>100% Polyester<\/td>\n<\/tr>\n<tr>\n<td>Features<\/td>\n<td>Wind Protective<br \/>\n<i class=\"icon-waterrepellent\"><\/i> Water Repellent<br \/>\n<i class=\"icon-durable\"><\/i> Durable<\/td>\n<\/tr>\n<\/tbody>\n<\/table>\n<p><\/p>\n","protected":false},"excerpt":{"rendered":"<p>Wattierte, lange Jacke mit strapazierf\u00e4higem Au\u00dfenmaterial, die sich ideal zum Aufw\u00e4rmen bei K\u00e4lte oder als warme Jacke f\u00fcr Mitarbeiter, Helfer und Spieler auf der Bank eignet. \u2022 WP 3000 \/<\/p>\n","protected":false},"featured_media":605,"template":"","meta":{"inline_featured_image":false},"product_brand":[],"product_cat":[138],"product_tag":[],"class_list":{"0":"post-295","1":"product","2":"type-product","3":"status-publish","4":"has-post-thumbnail","6":"product_cat-teamsport","8":"first","9":"instock","10":"taxable","11":"shipping-taxable","12":"purchasable","13":"product-type-variable"},"yoast_head":"<!-- This site is optimized with the Yoast SEO plugin v27.3 - https:\/\/yoast.com\/product\/yoast-seo-wordpress\/ -->\n<title>Jacket Parkas - Kirchheimer SC<\/title>\n<meta name=\"robots\" content=\"index, follow, max-snippet:-1, max-image-preview:large, max-video-preview:-1\" \/>\n<link rel=\"canonical\" href=\"https:\/\/www.teamprofi.de\/kirchheimer-sc\/produkt\/jacket-parkas\" \/>\n<meta property=\"og:locale\" content=\"de_DE\" \/>\n<meta property=\"og:type\" content=\"article\" \/>\n<meta property=\"og:title\" content=\"Jacket Parkas - Kirchheimer SC\" \/>\n<meta property=\"og:description\" content=\"Wattierte, lange Jacke mit strapazierf\u00e4higem Au\u00dfenmaterial, die sich ideal zum Aufw\u00e4rmen bei K\u00e4lte oder als warme Jacke f\u00fcr Mitarbeiter, Helfer und Spieler auf der Bank eignet. \u2022 WP 3000 \/\" \/>\n<meta property=\"og:url\" content=\"https:\/\/www.teamprofi.de\/kirchheimer-sc\/produkt\/jacket-parkas\" \/>\n<meta property=\"og:site_name\" content=\"Kirchheimer SC\" \/>\n<meta property=\"article:modified_time\" content=\"2026-02-20T06:58:27+00:00\" \/>\n<meta property=\"og:image\" content=\"https:\/\/www.teamprofi.de\/kirchheimer-sc\/wp-content\/uploads\/sites\/29\/2022\/05\/1905982-1390_95122_Preview.jpg\" \/>\n\t<meta property=\"og:image:width\" content=\"2362\" \/>\n\t<meta property=\"og:image:height\" content=\"3149\" \/>\n\t<meta property=\"og:image:type\" content=\"image\/jpeg\" \/>\n<meta name=\"twitter:card\" content=\"summary_large_image\" \/>\n<meta name=\"twitter:label1\" content=\"Gesch\u00e4tzte Lesezeit\" \/>\n\t<meta name=\"twitter:data1\" content=\"1\u00a0Minute\" \/>\n<script type=\"application\/ld+json\" class=\"yoast-schema-graph\">{\"@context\":\"https:\\\/\\\/schema.org\",\"@graph\":[{\"@type\":\"WebPage\",\"@id\":\"https:\\\/\\\/www.teamprofi.de\\\/kirchheimer-sc\\\/produkt\\\/jacket-parkas\",\"url\":\"https:\\\/\\\/www.teamprofi.de\\\/kirchheimer-sc\\\/produkt\\\/jacket-parkas\",\"name\":\"Jacket Parkas - Kirchheimer SC\",\"isPartOf\":{\"@id\":\"https:\\\/\\\/www.teamprofi.de\\\/kirchheimer-sc\\\/#website\"},\"primaryImageOfPage\":{\"@id\":\"https:\\\/\\\/www.teamprofi.de\\\/kirchheimer-sc\\\/produkt\\\/jacket-parkas#primaryimage\"},\"image\":{\"@id\":\"https:\\\/\\\/www.teamprofi.de\\\/kirchheimer-sc\\\/produkt\\\/jacket-parkas#primaryimage\"},\"thumbnailUrl\":\"https:\\\/\\\/www.teamprofi.de\\\/kirchheimer-sc\\\/wp-content\\\/uploads\\\/sites\\\/29\\\/2022\\\/05\\\/1905982-1390_95122_Preview.jpg\",\"datePublished\":\"2022-05-27T08:16:29+00:00\",\"dateModified\":\"2026-02-20T06:58:27+00:00\",\"breadcrumb\":{\"@id\":\"https:\\\/\\\/www.teamprofi.de\\\/kirchheimer-sc\\\/produkt\\\/jacket-parkas#breadcrumb\"},\"inLanguage\":\"de\",\"potentialAction\":[{\"@type\":\"ReadAction\",\"target\":[\"https:\\\/\\\/www.teamprofi.de\\\/kirchheimer-sc\\\/produkt\\\/jacket-parkas\"]}]},{\"@type\":\"ImageObject\",\"inLanguage\":\"de\",\"@id\":\"https:\\\/\\\/www.teamprofi.de\\\/kirchheimer-sc\\\/produkt\\\/jacket-parkas#primaryimage\",\"url\":\"https:\\\/\\\/www.teamprofi.de\\\/kirchheimer-sc\\\/wp-content\\\/uploads\\\/sites\\\/29\\\/2022\\\/05\\\/1905982-1390_95122_Preview.jpg\",\"contentUrl\":\"https:\\\/\\\/www.teamprofi.de\\\/kirchheimer-sc\\\/wp-content\\\/uploads\\\/sites\\\/29\\\/2022\\\/05\\\/1905982-1390_95122_Preview.jpg\",\"width\":2362,\"height\":3149},{\"@type\":\"BreadcrumbList\",\"@id\":\"https:\\\/\\\/www.teamprofi.de\\\/kirchheimer-sc\\\/produkt\\\/jacket-parkas#breadcrumb\",\"itemListElement\":[{\"@type\":\"ListItem\",\"position\":1,\"name\":\"Startseite\",\"item\":\"https:\\\/\\\/www.teamprofi.de\\\/kirchheimer-sc\\\/\"},{\"@type\":\"ListItem\",\"position\":2,\"name\":\"Shop\",\"item\":\"https:\\\/\\\/www.teamprofi.de\\\/kirchheimer-sc\\\/\"},{\"@type\":\"ListItem\",\"position\":3,\"name\":\"Jacket Parkas\"}]},{\"@type\":\"WebSite\",\"@id\":\"https:\\\/\\\/www.teamprofi.de\\\/kirchheimer-sc\\\/#website\",\"url\":\"https:\\\/\\\/www.teamprofi.de\\\/kirchheimer-sc\\\/\",\"name\":\"Kirchheimer SC\",\"description\":\"Vereins Shop Kirchheimer SC - Sport G\u00fcrteler\",\"potentialAction\":[{\"@type\":\"SearchAction\",\"target\":{\"@type\":\"EntryPoint\",\"urlTemplate\":\"https:\\\/\\\/www.teamprofi.de\\\/kirchheimer-sc\\\/?s={search_term_string}\"},\"query-input\":{\"@type\":\"PropertyValueSpecification\",\"valueRequired\":true,\"valueName\":\"search_term_string\"}}],\"inLanguage\":\"de\"}]}<\/script>\n<!-- \/ Yoast SEO plugin. -->","yoast_head_json":{"title":"Jacket Parkas - Kirchheimer SC","robots":{"index":"index","follow":"follow","max-snippet":"max-snippet:-1","max-image-preview":"max-image-preview:large","max-video-preview":"max-video-preview:-1"},"canonical":"https:\/\/www.teamprofi.de\/kirchheimer-sc\/produkt\/jacket-parkas","og_locale":"de_DE","og_type":"article","og_title":"Jacket Parkas - Kirchheimer SC","og_description":"Wattierte, lange Jacke mit strapazierf\u00e4higem Au\u00dfenmaterial, die sich ideal zum Aufw\u00e4rmen bei K\u00e4lte oder als warme Jacke f\u00fcr Mitarbeiter, Helfer und Spieler auf der Bank eignet. \u2022 WP 3000 \/","og_url":"https:\/\/www.teamprofi.de\/kirchheimer-sc\/produkt\/jacket-parkas","og_site_name":"Kirchheimer SC","article_modified_time":"2026-02-20T06:58:27+00:00","og_image":[{"width":2362,"height":3149,"url":"https:\/\/www.teamprofi.de\/kirchheimer-sc\/wp-content\/uploads\/sites\/29\/2022\/05\/1905982-1390_95122_Preview.jpg","type":"image\/jpeg"}],"twitter_card":"summary_large_image","twitter_misc":{"Gesch\u00e4tzte Lesezeit":"1\u00a0Minute"},"schema":{"@context":"https:\/\/schema.org","@graph":[{"@type":"WebPage","@id":"https:\/\/www.teamprofi.de\/kirchheimer-sc\/produkt\/jacket-parkas","url":"https:\/\/www.teamprofi.de\/kirchheimer-sc\/produkt\/jacket-parkas","name":"Jacket Parkas - Kirchheimer SC","isPartOf":{"@id":"https:\/\/www.teamprofi.de\/kirchheimer-sc\/#website"},"primaryImageOfPage":{"@id":"https:\/\/www.teamprofi.de\/kirchheimer-sc\/produkt\/jacket-parkas#primaryimage"},"image":{"@id":"https:\/\/www.teamprofi.de\/kirchheimer-sc\/produkt\/jacket-parkas#primaryimage"},"thumbnailUrl":"https:\/\/www.teamprofi.de\/kirchheimer-sc\/wp-content\/uploads\/sites\/29\/2022\/05\/1905982-1390_95122_Preview.jpg","datePublished":"2022-05-27T08:16:29+00:00","dateModified":"2026-02-20T06:58:27+00:00","breadcrumb":{"@id":"https:\/\/www.teamprofi.de\/kirchheimer-sc\/produkt\/jacket-parkas#breadcrumb"},"inLanguage":"de","potentialAction":[{"@type":"ReadAction","target":["https:\/\/www.teamprofi.de\/kirchheimer-sc\/produkt\/jacket-parkas"]}]},{"@type":"ImageObject","inLanguage":"de","@id":"https:\/\/www.teamprofi.de\/kirchheimer-sc\/produkt\/jacket-parkas#primaryimage","url":"https:\/\/www.teamprofi.de\/kirchheimer-sc\/wp-content\/uploads\/sites\/29\/2022\/05\/1905982-1390_95122_Preview.jpg","contentUrl":"https:\/\/www.teamprofi.de\/kirchheimer-sc\/wp-content\/uploads\/sites\/29\/2022\/05\/1905982-1390_95122_Preview.jpg","width":2362,"height":3149},{"@type":"BreadcrumbList","@id":"https:\/\/www.teamprofi.de\/kirchheimer-sc\/produkt\/jacket-parkas#breadcrumb","itemListElement":[{"@type":"ListItem","position":1,"name":"Startseite","item":"https:\/\/www.teamprofi.de\/kirchheimer-sc\/"},{"@type":"ListItem","position":2,"name":"Shop","item":"https:\/\/www.teamprofi.de\/kirchheimer-sc\/"},{"@type":"ListItem","position":3,"name":"Jacket Parkas"}]},{"@type":"WebSite","@id":"https:\/\/www.teamprofi.de\/kirchheimer-sc\/#website","url":"https:\/\/www.teamprofi.de\/kirchheimer-sc\/","name":"Kirchheimer SC","description":"Vereins Shop Kirchheimer SC - Sport G\u00fcrteler","potentialAction":[{"@type":"SearchAction","target":{"@type":"EntryPoint","urlTemplate":"https:\/\/www.teamprofi.de\/kirchheimer-sc\/?s={search_term_string}"},"query-input":{"@type":"PropertyValueSpecification","valueRequired":true,"valueName":"search_term_string"}}],"inLanguage":"de"}]}},"_links":{"self":[{"href":"https:\/\/www.teamprofi.de\/kirchheimer-sc\/wp-json\/wp\/v2\/product\/295","targetHints":{"allow":["GET"]}}],"collection":[{"href":"https:\/\/www.teamprofi.de\/kirchheimer-sc\/wp-json\/wp\/v2\/product"}],"about":[{"href":"https:\/\/www.teamprofi.de\/kirchheimer-sc\/wp-json\/wp\/v2\/types\/product"}],"wp:featuredmedia":[{"embeddable":true,"href":"https:\/\/www.teamprofi.de\/kirchheimer-sc\/wp-json\/wp\/v2\/media\/605"}],"wp:attachment":[{"href":"https:\/\/www.teamprofi.de\/kirchheimer-sc\/wp-json\/wp\/v2\/media?parent=295"}],"wp:term":[{"taxonomy":"product_brand","embeddable":true,"href":"https:\/\/www.teamprofi.de\/kirchheimer-sc\/wp-json\/wp\/v2\/product_brand?post=295"},{"taxonomy":"product_cat","embeddable":true,"href":"https:\/\/www.teamprofi.de\/kirchheimer-sc\/wp-json\/wp\/v2\/product_cat?post=295"},{"taxonomy":"product_tag","embeddable":true,"href":"https:\/\/www.teamprofi.de\/kirchheimer-sc\/wp-json\/wp\/v2\/product_tag?post=295"}],"curies":[{"name":"wp","href":"https:\/\/api.w.org\/{rel}","templated":true}]}}