{"id":76,"date":"2022-06-15T17:35:15","date_gmt":"2022-06-15T15:35:15","guid":{"rendered":"https:\/\/www.teamprofi.de\/gymnasium-kirchseeon\/?post_type=product&#038;p=76"},"modified":"2023-07-27T15:32:57","modified_gmt":"2023-07-27T13:32:57","slug":"kapuzensweat-base","status":"publish","type":"product","link":"https:\/\/www.teamprofi.de\/gymnasium-kirchseeon\/produkt\/kapuzensweat-base\/","title":{"rendered":"Kapuzenjacke Base"},"content":{"rendered":"<div class=\"itemcard_toggle_boxes\">\n<div class=\"slidecontent_itemcard_wrapper active\">\n<div class=\"hl\"><strong>Beschreibung<\/strong><\/div>\n<div><\/div>\n<div class=\"text\">Die Teamline Base setzt jede Mannschaft und jeden Individualsportler perfekt in Szene. Alle Styles wie beispielsweise die Kapuzenjacke BASE sind optimal mit den anderen JAKO Teamlines kombinierbar. Modern, schlicht und f\u00fcr jeden Anlass hervorragend geeignet. Durch das klassische Design bietet die Kapuzenjacke BASE zahlreiche M\u00f6glichkeiten zur Veredelung. F\u00fcr die gesamte Teamline BASE haben wir eine neue Materialkombination entwickelt. So ist die Kapuzenjacke BASE mit gro\u00dfen Anteilen Bio-Baumwolle gefertigt. Die Kapuzenjacke ist einlaufvorbehandelt und f\u00fchlt sich sehr weich an. Die Aufgesetzte Tasche in Kombination mit der Kapuze verleiht der Trainingsjacke einen l\u00e4ssigen Look. Bei Herren und Damen kommt die Kapuze mit Kordelzug. So kannst Du die Gr\u00f6\u00dfe individuell anpassen. Bei Kindergr\u00f6\u00dfen werden die Kordeln in Kontrastfarbe aus Sicherheitsgr\u00fcnden nicht mitgeschickt. F\u00fcr optimalen Halt sorgt der Jacken- und \u00c4rmelabschluss mit Ripp. So passt sich die Kapuzenjacke BASE deinen Bewegungen an und verhindert l\u00e4stiges Verrutschen des Oberteils.<\/div>\n<div><\/div>\n<\/div>\n<\/div>\n<div class=\"slidecontent_itemcard_wrapper active\">\n<div class=\"hl\"><strong>Details<\/strong><\/div>\n<div class=\"text\">\n<ul>\n<li>Aufgesetzte Taschen<\/li>\n<li>Einlaufvorbehandelt<\/li>\n<li>Jacken- und \u00c4rmelabschluss mit Ripp<\/li>\n<li>Ohne Kordeln bei Kindergr\u00f6\u00dfen<\/li>\n<li>Weicher Griff<\/li>\n<li>French-Terry<\/li>\n<li>Kapuze mit Kordelzug<\/li>\n<li>Baumwolle aus kontrolliert biologischem Anbau<\/li>\n<\/ul>\n<\/div>\n<\/div>\n<div class=\"slidecontent_itemcard_wrapper active\">\n<div class=\"hl\"><strong>Material<\/strong><\/div>\n<div class=\"text\">\n<ul>\n<li>Fb. 41: 60 % Baumwolle (Bio), 34 % Polyester, 6 % Viskose<\/li>\n<li>70 % Baumwolle (Bio), 30 % Polyester<\/li>\n<\/ul>\n<\/div>\n<\/div>\n<div class=\"attributeIcons\"><img decoding=\"async\" title=\"\" src=\"https:\/\/cdn.jako.de\/userdata\/dcshop\/filter_icon\/230586_fair_logo_halb_70x70px.jpg\" alt=\"Mindestens 50 % der eingesetzten Materialien bestehen aus Bio-Baumwolle\" width=\"37px\" height=\"37px\" data-toggle=\"tooltip\" data-original-title=\"Mindestens 50 % der eingesetzten Materialien bestehen aus Bio-Baumwolle\" \/><\/div>\n<div class=\"attributeIcons__item marginTop--large\"><img decoding=\"async\" class=\"\" title=\"\" src=\"https:\/\/cdn.jako.de\/userdata\/dcshop\/filter_icon\/170931_wash40.png\" alt=\"40\u00b0 waschen\" width=\"37px\" height=\"37px\" data-toggle=\"tooltip\" data-original-title=\"40\u00b0 waschen\" \/><img decoding=\"async\" class=\"\" title=\"\" src=\"https:\/\/cdn.jako.de\/userdata\/dcshop\/filter_icon\/911081_bleach_not.png\" alt=\"nicht chloren\" width=\"37px\" height=\"37px\" data-toggle=\"tooltip\" data-original-title=\"nicht chloren\" \/><img decoding=\"async\" class=\"\" title=\"\" src=\"https:\/\/cdn.jako.de\/userdata\/dcshop\/filter_icon\/761917_tumble_not.png\" alt=\"nicht im Trockner trocknen\" width=\"37px\" height=\"37px\" data-toggle=\"tooltip\" data-original-title=\"nicht im Trockner trocknen\" \/><img decoding=\"async\" title=\"\" src=\"https:\/\/cdn.jako.de\/userdata\/dcshop\/filter_icon\/438269_iron_low.png\" alt=\"b\u00fcgeln niedrige Temperatur\" width=\"37px\" height=\"37px\" data-toggle=\"tooltip\" data-original-title=\"b\u00fcgeln niedrige Temperatur\" \/><img decoding=\"async\" class=\"\" title=\"\" src=\"https:\/\/cdn.jako.de\/userdata\/dcshop\/filter_icon\/591149_clean_not.png\" alt=\"nicht chemisch reinigen\" width=\"37px\" height=\"37px\" data-toggle=\"tooltip\" data-original-title=\"nicht chemisch reinigen\" \/><\/div>\n","protected":false},"excerpt":{"rendered":"<p>Beschreibung Die Teamline Base setzt jede Mannschaft und jeden Individualsportler perfekt in Szene. Alle Styles wie beispielsweise die Kapuzenjacke BASE sind optimal mit den anderen JAKO Teamlines kombinierbar. Modern, schlicht<\/p>\n","protected":false},"featured_media":68,"template":"","meta":{"inline_featured_image":false},"product_brand":[],"product_cat":[138],"product_tag":[],"class_list":{"0":"post-76","1":"product","2":"type-product","3":"status-publish","4":"has-post-thumbnail","6":"product_cat-bekleidung","8":"first","9":"instock","10":"taxable","11":"shipping-taxable","12":"purchasable","13":"product-type-variable"},"yoast_head":"<!-- This site is optimized with the Yoast SEO plugin v27.3 - https:\/\/yoast.com\/product\/yoast-seo-wordpress\/ -->\n<title>Kapuzenjacke Base - Gymnasium Kirchseeon<\/title>\n<meta name=\"robots\" content=\"index, follow, max-snippet:-1, max-image-preview:large, max-video-preview:-1\" \/>\n<link rel=\"canonical\" href=\"https:\/\/www.teamprofi.de\/gymnasium-kirchseeon\/produkt\/kapuzensweat-base\/\" \/>\n<meta property=\"og:locale\" content=\"de_DE\" \/>\n<meta property=\"og:type\" content=\"article\" \/>\n<meta property=\"og:title\" content=\"Kapuzenjacke Base - Gymnasium Kirchseeon\" \/>\n<meta property=\"og:description\" content=\"Beschreibung Die Teamline Base setzt jede Mannschaft und jeden Individualsportler perfekt in Szene. Alle Styles wie beispielsweise die Kapuzenjacke BASE sind optimal mit den anderen JAKO Teamlines kombinierbar. Modern, schlicht\" \/>\n<meta property=\"og:url\" content=\"https:\/\/www.teamprofi.de\/gymnasium-kirchseeon\/produkt\/kapuzensweat-base\/\" \/>\n<meta property=\"og:site_name\" content=\"Gymnasium Kirchseeon\" \/>\n<meta property=\"article:modified_time\" content=\"2023-07-27T13:32:57+00:00\" \/>\n<meta property=\"og:image\" content=\"https:\/\/www.teamprofi.de\/gymnasium-kirchseeon\/wp-content\/uploads\/sites\/30\/2022\/06\/6865-41-EF-1024x1024.jpg\" \/>\n\t<meta property=\"og:image:width\" content=\"1024\" \/>\n\t<meta property=\"og:image:height\" content=\"1024\" \/>\n\t<meta property=\"og:image:type\" content=\"image\/jpeg\" \/>\n<meta name=\"twitter:card\" content=\"summary_large_image\" \/>\n<meta name=\"twitter:label1\" content=\"Gesch\u00e4tzte Lesezeit\" \/>\n\t<meta name=\"twitter:data1\" content=\"1\u00a0Minute\" \/>\n<script type=\"application\/ld+json\" class=\"yoast-schema-graph\">{\"@context\":\"https:\\\/\\\/schema.org\",\"@graph\":[{\"@type\":\"WebPage\",\"@id\":\"https:\\\/\\\/www.teamprofi.de\\\/gymnasium-kirchseeon\\\/produkt\\\/kapuzensweat-base\\\/\",\"url\":\"https:\\\/\\\/www.teamprofi.de\\\/gymnasium-kirchseeon\\\/produkt\\\/kapuzensweat-base\\\/\",\"name\":\"Kapuzenjacke Base - Gymnasium Kirchseeon\",\"isPartOf\":{\"@id\":\"https:\\\/\\\/www.teamprofi.de\\\/gymnasium-kirchseeon\\\/#website\"},\"primaryImageOfPage\":{\"@id\":\"https:\\\/\\\/www.teamprofi.de\\\/gymnasium-kirchseeon\\\/produkt\\\/kapuzensweat-base\\\/#primaryimage\"},\"image\":{\"@id\":\"https:\\\/\\\/www.teamprofi.de\\\/gymnasium-kirchseeon\\\/produkt\\\/kapuzensweat-base\\\/#primaryimage\"},\"thumbnailUrl\":\"https:\\\/\\\/www.teamprofi.de\\\/gymnasium-kirchseeon\\\/wp-content\\\/uploads\\\/sites\\\/30\\\/2022\\\/06\\\/6865-41-EF.jpg\",\"datePublished\":\"2022-06-15T15:35:15+00:00\",\"dateModified\":\"2023-07-27T13:32:57+00:00\",\"breadcrumb\":{\"@id\":\"https:\\\/\\\/www.teamprofi.de\\\/gymnasium-kirchseeon\\\/produkt\\\/kapuzensweat-base\\\/#breadcrumb\"},\"inLanguage\":\"de\",\"potentialAction\":[{\"@type\":\"ReadAction\",\"target\":[\"https:\\\/\\\/www.teamprofi.de\\\/gymnasium-kirchseeon\\\/produkt\\\/kapuzensweat-base\\\/\"]}]},{\"@type\":\"ImageObject\",\"inLanguage\":\"de\",\"@id\":\"https:\\\/\\\/www.teamprofi.de\\\/gymnasium-kirchseeon\\\/produkt\\\/kapuzensweat-base\\\/#primaryimage\",\"url\":\"https:\\\/\\\/www.teamprofi.de\\\/gymnasium-kirchseeon\\\/wp-content\\\/uploads\\\/sites\\\/30\\\/2022\\\/06\\\/6865-41-EF.jpg\",\"contentUrl\":\"https:\\\/\\\/www.teamprofi.de\\\/gymnasium-kirchseeon\\\/wp-content\\\/uploads\\\/sites\\\/30\\\/2022\\\/06\\\/6865-41-EF.jpg\",\"width\":2598,\"height\":2599},{\"@type\":\"BreadcrumbList\",\"@id\":\"https:\\\/\\\/www.teamprofi.de\\\/gymnasium-kirchseeon\\\/produkt\\\/kapuzensweat-base\\\/#breadcrumb\",\"itemListElement\":[{\"@type\":\"ListItem\",\"position\":1,\"name\":\"Startseite\",\"item\":\"https:\\\/\\\/www.teamprofi.de\\\/gymnasium-kirchseeon\\\/\"},{\"@type\":\"ListItem\",\"position\":2,\"name\":\"Shop\",\"item\":\"https:\\\/\\\/www.teamprofi.de\\\/gymnasium-kirchseeon\\\/\"},{\"@type\":\"ListItem\",\"position\":3,\"name\":\"Kapuzenjacke Base\"}]},{\"@type\":\"WebSite\",\"@id\":\"https:\\\/\\\/www.teamprofi.de\\\/gymnasium-kirchseeon\\\/#website\",\"url\":\"https:\\\/\\\/www.teamprofi.de\\\/gymnasium-kirchseeon\\\/\",\"name\":\"Gymnasium Kirchseeon\",\"description\":\"Eine weitere Vereins Shops - Sport G\u00fcrteler Website\",\"potentialAction\":[{\"@type\":\"SearchAction\",\"target\":{\"@type\":\"EntryPoint\",\"urlTemplate\":\"https:\\\/\\\/www.teamprofi.de\\\/gymnasium-kirchseeon\\\/?s={search_term_string}\"},\"query-input\":{\"@type\":\"PropertyValueSpecification\",\"valueRequired\":true,\"valueName\":\"search_term_string\"}}],\"inLanguage\":\"de\"}]}<\/script>\n<!-- \/ Yoast SEO plugin. -->","yoast_head_json":{"title":"Kapuzenjacke Base - Gymnasium Kirchseeon","robots":{"index":"index","follow":"follow","max-snippet":"max-snippet:-1","max-image-preview":"max-image-preview:large","max-video-preview":"max-video-preview:-1"},"canonical":"https:\/\/www.teamprofi.de\/gymnasium-kirchseeon\/produkt\/kapuzensweat-base\/","og_locale":"de_DE","og_type":"article","og_title":"Kapuzenjacke Base - Gymnasium Kirchseeon","og_description":"Beschreibung Die Teamline Base setzt jede Mannschaft und jeden Individualsportler perfekt in Szene. Alle Styles wie beispielsweise die Kapuzenjacke BASE sind optimal mit den anderen JAKO Teamlines kombinierbar. Modern, schlicht","og_url":"https:\/\/www.teamprofi.de\/gymnasium-kirchseeon\/produkt\/kapuzensweat-base\/","og_site_name":"Gymnasium Kirchseeon","article_modified_time":"2023-07-27T13:32:57+00:00","og_image":[{"width":1024,"height":1024,"url":"https:\/\/www.teamprofi.de\/gymnasium-kirchseeon\/wp-content\/uploads\/sites\/30\/2022\/06\/6865-41-EF-1024x1024.jpg","type":"image\/jpeg"}],"twitter_card":"summary_large_image","twitter_misc":{"Gesch\u00e4tzte Lesezeit":"1\u00a0Minute"},"schema":{"@context":"https:\/\/schema.org","@graph":[{"@type":"WebPage","@id":"https:\/\/www.teamprofi.de\/gymnasium-kirchseeon\/produkt\/kapuzensweat-base\/","url":"https:\/\/www.teamprofi.de\/gymnasium-kirchseeon\/produkt\/kapuzensweat-base\/","name":"Kapuzenjacke Base - Gymnasium Kirchseeon","isPartOf":{"@id":"https:\/\/www.teamprofi.de\/gymnasium-kirchseeon\/#website"},"primaryImageOfPage":{"@id":"https:\/\/www.teamprofi.de\/gymnasium-kirchseeon\/produkt\/kapuzensweat-base\/#primaryimage"},"image":{"@id":"https:\/\/www.teamprofi.de\/gymnasium-kirchseeon\/produkt\/kapuzensweat-base\/#primaryimage"},"thumbnailUrl":"https:\/\/www.teamprofi.de\/gymnasium-kirchseeon\/wp-content\/uploads\/sites\/30\/2022\/06\/6865-41-EF.jpg","datePublished":"2022-06-15T15:35:15+00:00","dateModified":"2023-07-27T13:32:57+00:00","breadcrumb":{"@id":"https:\/\/www.teamprofi.de\/gymnasium-kirchseeon\/produkt\/kapuzensweat-base\/#breadcrumb"},"inLanguage":"de","potentialAction":[{"@type":"ReadAction","target":["https:\/\/www.teamprofi.de\/gymnasium-kirchseeon\/produkt\/kapuzensweat-base\/"]}]},{"@type":"ImageObject","inLanguage":"de","@id":"https:\/\/www.teamprofi.de\/gymnasium-kirchseeon\/produkt\/kapuzensweat-base\/#primaryimage","url":"https:\/\/www.teamprofi.de\/gymnasium-kirchseeon\/wp-content\/uploads\/sites\/30\/2022\/06\/6865-41-EF.jpg","contentUrl":"https:\/\/www.teamprofi.de\/gymnasium-kirchseeon\/wp-content\/uploads\/sites\/30\/2022\/06\/6865-41-EF.jpg","width":2598,"height":2599},{"@type":"BreadcrumbList","@id":"https:\/\/www.teamprofi.de\/gymnasium-kirchseeon\/produkt\/kapuzensweat-base\/#breadcrumb","itemListElement":[{"@type":"ListItem","position":1,"name":"Startseite","item":"https:\/\/www.teamprofi.de\/gymnasium-kirchseeon\/"},{"@type":"ListItem","position":2,"name":"Shop","item":"https:\/\/www.teamprofi.de\/gymnasium-kirchseeon\/"},{"@type":"ListItem","position":3,"name":"Kapuzenjacke Base"}]},{"@type":"WebSite","@id":"https:\/\/www.teamprofi.de\/gymnasium-kirchseeon\/#website","url":"https:\/\/www.teamprofi.de\/gymnasium-kirchseeon\/","name":"Gymnasium Kirchseeon","description":"Eine weitere Vereins Shops - Sport G\u00fcrteler Website","potentialAction":[{"@type":"SearchAction","target":{"@type":"EntryPoint","urlTemplate":"https:\/\/www.teamprofi.de\/gymnasium-kirchseeon\/?s={search_term_string}"},"query-input":{"@type":"PropertyValueSpecification","valueRequired":true,"valueName":"search_term_string"}}],"inLanguage":"de"}]}},"_links":{"self":[{"href":"https:\/\/www.teamprofi.de\/gymnasium-kirchseeon\/wp-json\/wp\/v2\/product\/76","targetHints":{"allow":["GET"]}}],"collection":[{"href":"https:\/\/www.teamprofi.de\/gymnasium-kirchseeon\/wp-json\/wp\/v2\/product"}],"about":[{"href":"https:\/\/www.teamprofi.de\/gymnasium-kirchseeon\/wp-json\/wp\/v2\/types\/product"}],"wp:featuredmedia":[{"embeddable":true,"href":"https:\/\/www.teamprofi.de\/gymnasium-kirchseeon\/wp-json\/wp\/v2\/media\/68"}],"wp:attachment":[{"href":"https:\/\/www.teamprofi.de\/gymnasium-kirchseeon\/wp-json\/wp\/v2\/media?parent=76"}],"wp:term":[{"taxonomy":"product_brand","embeddable":true,"href":"https:\/\/www.teamprofi.de\/gymnasium-kirchseeon\/wp-json\/wp\/v2\/product_brand?post=76"},{"taxonomy":"product_cat","embeddable":true,"href":"https:\/\/www.teamprofi.de\/gymnasium-kirchseeon\/wp-json\/wp\/v2\/product_cat?post=76"},{"taxonomy":"product_tag","embeddable":true,"href":"https:\/\/www.teamprofi.de\/gymnasium-kirchseeon\/wp-json\/wp\/v2\/product_tag?post=76"}],"curies":[{"name":"wp","href":"https:\/\/api.w.org\/{rel}","templated":true}]}}