{"id":122,"date":"2022-06-15T17:51:12","date_gmt":"2022-06-15T15:51:12","guid":{"rendered":"https:\/\/www.teamprofi.de\/gymnasium-kirchseeon\/?post_type=product&#038;p=122"},"modified":"2023-07-27T15:24:37","modified_gmt":"2023-07-27T13:24:37","slug":"t-shirt-base","status":"publish","type":"product","link":"https:\/\/www.teamprofi.de\/gymnasium-kirchseeon\/produkt\/t-shirt-base\/","title":{"rendered":"T-Shirt Base"},"content":{"rendered":"<div class=\"itemcard_toggle_boxes\">\n<div class=\"slidecontent_itemcard_wrapper active\">\n<div class=\"hl\"><strong>Beschreibung<\/strong><\/div>\n<div><\/div>\n<div class=\"text\">Komfort trifft auf klassisches Design. Das T-Shirt BASE ist der ideale Begleiter im Alltag.\u00a0 Entdecke jetzt das bequeme T-Shirt BASE. Das l\u00e4ssige Oberteil besteht zu 100% aus Bio-Baumwolle. Dadurch ist das T-Shirt besonders weich und bequem zu tragen. Zus\u00e4tzlich unterst\u00fctzt wird der Komfort durch den Rundhals-Rippkragen. Das T-Shirt BASE ist einlaufvorbehandelt. Auf der rechten Brust des Oberteils ist das JAKO Logo platziert. Das klassische Design erm\u00f6glicht hervorragende Optionen zur Veredelung.<\/div>\n<div><\/div>\n<\/div>\n<\/div>\n<div class=\"slidecontent_itemcard_wrapper active\">\n<div class=\"hl\"><strong>Details<\/strong><\/div>\n<div class=\"text\">\n<ul>\n<li>Single-Jersey<\/li>\n<li>Baumwolle aus kontrolliert biologischem Anbau<\/li>\n<li>Weicher Griff<\/li>\n<li>Einlaufvorbehandelt<\/li>\n<li>Rundhals-Rippkragen<\/li>\n<\/ul>\n<\/div>\n<\/div>\n<div class=\"slidecontent_itemcard_wrapper active\">\n<div class=\"hl\"><strong>Material<\/strong><\/div>\n<div class=\"text\">\n<ul>\n<li>100 % Baumwolle (Bio)<\/li>\n<li>Fb. 41: 90 % Baumwolle (Bio), 10 % Viskose<\/li>\n<\/ul>\n<\/div>\n<\/div>\n<div class=\"attributeIcons\"><img decoding=\"async\" title=\"\" src=\"https:\/\/cdn.jako.de\/userdata\/dcshop\/filter_icon\/389349_fair_logo_ganz_70x70px.jpg\" alt=\"100 % der eingesetzten Materialien bestehen aus Bio-Baumwolle\" width=\"37px\" height=\"37px\" data-toggle=\"tooltip\" data-original-title=\"100 % der eingesetzten Materialien bestehen aus Bio-Baumwolle\" \/><\/div>\n<div class=\"attributeIcons__item marginTop--large\"><img decoding=\"async\" class=\"\" title=\"\" src=\"https:\/\/cdn.jako.de\/userdata\/dcshop\/filter_icon\/170931_wash40.png\" alt=\"40\u00b0\" width=\"37px\" height=\"37px\" data-toggle=\"tooltip\" data-original-title=\"40\u00b0\" \/><img decoding=\"async\" class=\"\" title=\"\" src=\"https:\/\/cdn.jako.de\/userdata\/dcshop\/filter_icon\/911081_bleach_not.png\" alt=\"Nicht bleichen\" width=\"37px\" height=\"37px\" data-toggle=\"tooltip\" data-original-title=\"Nicht bleichen\" \/><img decoding=\"async\" class=\"\" title=\"\" src=\"https:\/\/cdn.jako.de\/userdata\/dcshop\/filter_icon\/761917_tumble_not.png\" alt=\"Nicht trocknen\" width=\"37px\" height=\"37px\" data-toggle=\"tooltip\" data-original-title=\"Nicht trocknen\" \/><img decoding=\"async\" class=\"\" title=\"\" src=\"https:\/\/cdn.jako.de\/userdata\/dcshop\/filter_icon\/438269_iron_low.png\" alt=\"B\u00fcgeln geringe Temperatur\" width=\"37px\" height=\"37px\" data-toggle=\"tooltip\" data-original-title=\"B\u00fcgeln geringe Temperatur\" \/><img decoding=\"async\" class=\"\" title=\"\" src=\"https:\/\/cdn.jako.de\/userdata\/dcshop\/filter_icon\/591149_clean_not.png\" alt=\"Keine chemische Reinigung\" width=\"37px\" height=\"37px\" data-toggle=\"tooltip\" data-original-title=\"Keine chemische Reinigung\" \/><\/div>\n","protected":false},"excerpt":{"rendered":"<p>Beschreibung Komfort trifft auf klassisches Design. Das T-Shirt BASE ist der ideale Begleiter im Alltag.\u00a0 Entdecke jetzt das bequeme T-Shirt BASE. Das l\u00e4ssige Oberteil besteht zu 100% aus Bio-Baumwolle. Dadurch<\/p>\n","protected":false},"featured_media":70,"template":"","meta":{"inline_featured_image":false},"product_brand":[],"product_cat":[138],"product_tag":[],"class_list":{"0":"post-122","1":"product","2":"type-product","3":"status-publish","4":"has-post-thumbnail","6":"product_cat-bekleidung","8":"first","9":"instock","10":"taxable","11":"shipping-taxable","12":"purchasable","13":"product-type-variable"},"yoast_head":"<!-- This site is optimized with the Yoast SEO plugin v27.3 - https:\/\/yoast.com\/product\/yoast-seo-wordpress\/ -->\n<title>T-Shirt Base - Gymnasium Kirchseeon<\/title>\n<meta name=\"robots\" content=\"index, follow, max-snippet:-1, max-image-preview:large, max-video-preview:-1\" \/>\n<link rel=\"canonical\" href=\"https:\/\/www.teamprofi.de\/gymnasium-kirchseeon\/produkt\/t-shirt-base\/\" \/>\n<meta property=\"og:locale\" content=\"de_DE\" \/>\n<meta property=\"og:type\" content=\"article\" \/>\n<meta property=\"og:title\" content=\"T-Shirt Base - Gymnasium Kirchseeon\" \/>\n<meta property=\"og:description\" content=\"Beschreibung Komfort trifft auf klassisches Design. Das T-Shirt BASE ist der ideale Begleiter im Alltag.\u00a0 Entdecke jetzt das bequeme T-Shirt BASE. Das l\u00e4ssige Oberteil besteht zu 100% aus Bio-Baumwolle. Dadurch\" \/>\n<meta property=\"og:url\" content=\"https:\/\/www.teamprofi.de\/gymnasium-kirchseeon\/produkt\/t-shirt-base\/\" \/>\n<meta property=\"og:site_name\" content=\"Gymnasium Kirchseeon\" \/>\n<meta property=\"article:modified_time\" content=\"2023-07-27T13:24:37+00:00\" \/>\n<meta property=\"og:image\" content=\"https:\/\/www.teamprofi.de\/gymnasium-kirchseeon\/wp-content\/uploads\/sites\/30\/2022\/06\/6165-08-EF-1024x1024.jpg\" \/>\n\t<meta property=\"og:image:width\" content=\"1024\" \/>\n\t<meta property=\"og:image:height\" content=\"1024\" \/>\n\t<meta property=\"og:image:type\" content=\"image\/jpeg\" \/>\n<meta name=\"twitter:card\" content=\"summary_large_image\" \/>\n<script type=\"application\/ld+json\" class=\"yoast-schema-graph\">{\"@context\":\"https:\\\/\\\/schema.org\",\"@graph\":[{\"@type\":\"WebPage\",\"@id\":\"https:\\\/\\\/www.teamprofi.de\\\/gymnasium-kirchseeon\\\/produkt\\\/t-shirt-base\\\/\",\"url\":\"https:\\\/\\\/www.teamprofi.de\\\/gymnasium-kirchseeon\\\/produkt\\\/t-shirt-base\\\/\",\"name\":\"T-Shirt Base - Gymnasium Kirchseeon\",\"isPartOf\":{\"@id\":\"https:\\\/\\\/www.teamprofi.de\\\/gymnasium-kirchseeon\\\/#website\"},\"primaryImageOfPage\":{\"@id\":\"https:\\\/\\\/www.teamprofi.de\\\/gymnasium-kirchseeon\\\/produkt\\\/t-shirt-base\\\/#primaryimage\"},\"image\":{\"@id\":\"https:\\\/\\\/www.teamprofi.de\\\/gymnasium-kirchseeon\\\/produkt\\\/t-shirt-base\\\/#primaryimage\"},\"thumbnailUrl\":\"https:\\\/\\\/www.teamprofi.de\\\/gymnasium-kirchseeon\\\/wp-content\\\/uploads\\\/sites\\\/30\\\/2022\\\/06\\\/6165-08-EF.jpg\",\"datePublished\":\"2022-06-15T15:51:12+00:00\",\"dateModified\":\"2023-07-27T13:24:37+00:00\",\"breadcrumb\":{\"@id\":\"https:\\\/\\\/www.teamprofi.de\\\/gymnasium-kirchseeon\\\/produkt\\\/t-shirt-base\\\/#breadcrumb\"},\"inLanguage\":\"de\",\"potentialAction\":[{\"@type\":\"ReadAction\",\"target\":[\"https:\\\/\\\/www.teamprofi.de\\\/gymnasium-kirchseeon\\\/produkt\\\/t-shirt-base\\\/\"]}]},{\"@type\":\"ImageObject\",\"inLanguage\":\"de\",\"@id\":\"https:\\\/\\\/www.teamprofi.de\\\/gymnasium-kirchseeon\\\/produkt\\\/t-shirt-base\\\/#primaryimage\",\"url\":\"https:\\\/\\\/www.teamprofi.de\\\/gymnasium-kirchseeon\\\/wp-content\\\/uploads\\\/sites\\\/30\\\/2022\\\/06\\\/6165-08-EF.jpg\",\"contentUrl\":\"https:\\\/\\\/www.teamprofi.de\\\/gymnasium-kirchseeon\\\/wp-content\\\/uploads\\\/sites\\\/30\\\/2022\\\/06\\\/6165-08-EF.jpg\",\"width\":2598,\"height\":2598},{\"@type\":\"BreadcrumbList\",\"@id\":\"https:\\\/\\\/www.teamprofi.de\\\/gymnasium-kirchseeon\\\/produkt\\\/t-shirt-base\\\/#breadcrumb\",\"itemListElement\":[{\"@type\":\"ListItem\",\"position\":1,\"name\":\"Startseite\",\"item\":\"https:\\\/\\\/www.teamprofi.de\\\/gymnasium-kirchseeon\\\/\"},{\"@type\":\"ListItem\",\"position\":2,\"name\":\"Shop\",\"item\":\"https:\\\/\\\/www.teamprofi.de\\\/gymnasium-kirchseeon\\\/\"},{\"@type\":\"ListItem\",\"position\":3,\"name\":\"T-Shirt Base\"}]},{\"@type\":\"WebSite\",\"@id\":\"https:\\\/\\\/www.teamprofi.de\\\/gymnasium-kirchseeon\\\/#website\",\"url\":\"https:\\\/\\\/www.teamprofi.de\\\/gymnasium-kirchseeon\\\/\",\"name\":\"Gymnasium Kirchseeon\",\"description\":\"Eine weitere Vereins Shops - Sport G\u00fcrteler Website\",\"potentialAction\":[{\"@type\":\"SearchAction\",\"target\":{\"@type\":\"EntryPoint\",\"urlTemplate\":\"https:\\\/\\\/www.teamprofi.de\\\/gymnasium-kirchseeon\\\/?s={search_term_string}\"},\"query-input\":{\"@type\":\"PropertyValueSpecification\",\"valueRequired\":true,\"valueName\":\"search_term_string\"}}],\"inLanguage\":\"de\"}]}<\/script>\n<!-- \/ Yoast SEO plugin. -->","yoast_head_json":{"title":"T-Shirt Base - Gymnasium Kirchseeon","robots":{"index":"index","follow":"follow","max-snippet":"max-snippet:-1","max-image-preview":"max-image-preview:large","max-video-preview":"max-video-preview:-1"},"canonical":"https:\/\/www.teamprofi.de\/gymnasium-kirchseeon\/produkt\/t-shirt-base\/","og_locale":"de_DE","og_type":"article","og_title":"T-Shirt Base - Gymnasium Kirchseeon","og_description":"Beschreibung Komfort trifft auf klassisches Design. Das T-Shirt BASE ist der ideale Begleiter im Alltag.\u00a0 Entdecke jetzt das bequeme T-Shirt BASE. Das l\u00e4ssige Oberteil besteht zu 100% aus Bio-Baumwolle. Dadurch","og_url":"https:\/\/www.teamprofi.de\/gymnasium-kirchseeon\/produkt\/t-shirt-base\/","og_site_name":"Gymnasium Kirchseeon","article_modified_time":"2023-07-27T13:24:37+00:00","og_image":[{"width":1024,"height":1024,"url":"https:\/\/www.teamprofi.de\/gymnasium-kirchseeon\/wp-content\/uploads\/sites\/30\/2022\/06\/6165-08-EF-1024x1024.jpg","type":"image\/jpeg"}],"twitter_card":"summary_large_image","schema":{"@context":"https:\/\/schema.org","@graph":[{"@type":"WebPage","@id":"https:\/\/www.teamprofi.de\/gymnasium-kirchseeon\/produkt\/t-shirt-base\/","url":"https:\/\/www.teamprofi.de\/gymnasium-kirchseeon\/produkt\/t-shirt-base\/","name":"T-Shirt Base - Gymnasium Kirchseeon","isPartOf":{"@id":"https:\/\/www.teamprofi.de\/gymnasium-kirchseeon\/#website"},"primaryImageOfPage":{"@id":"https:\/\/www.teamprofi.de\/gymnasium-kirchseeon\/produkt\/t-shirt-base\/#primaryimage"},"image":{"@id":"https:\/\/www.teamprofi.de\/gymnasium-kirchseeon\/produkt\/t-shirt-base\/#primaryimage"},"thumbnailUrl":"https:\/\/www.teamprofi.de\/gymnasium-kirchseeon\/wp-content\/uploads\/sites\/30\/2022\/06\/6165-08-EF.jpg","datePublished":"2022-06-15T15:51:12+00:00","dateModified":"2023-07-27T13:24:37+00:00","breadcrumb":{"@id":"https:\/\/www.teamprofi.de\/gymnasium-kirchseeon\/produkt\/t-shirt-base\/#breadcrumb"},"inLanguage":"de","potentialAction":[{"@type":"ReadAction","target":["https:\/\/www.teamprofi.de\/gymnasium-kirchseeon\/produkt\/t-shirt-base\/"]}]},{"@type":"ImageObject","inLanguage":"de","@id":"https:\/\/www.teamprofi.de\/gymnasium-kirchseeon\/produkt\/t-shirt-base\/#primaryimage","url":"https:\/\/www.teamprofi.de\/gymnasium-kirchseeon\/wp-content\/uploads\/sites\/30\/2022\/06\/6165-08-EF.jpg","contentUrl":"https:\/\/www.teamprofi.de\/gymnasium-kirchseeon\/wp-content\/uploads\/sites\/30\/2022\/06\/6165-08-EF.jpg","width":2598,"height":2598},{"@type":"BreadcrumbList","@id":"https:\/\/www.teamprofi.de\/gymnasium-kirchseeon\/produkt\/t-shirt-base\/#breadcrumb","itemListElement":[{"@type":"ListItem","position":1,"name":"Startseite","item":"https:\/\/www.teamprofi.de\/gymnasium-kirchseeon\/"},{"@type":"ListItem","position":2,"name":"Shop","item":"https:\/\/www.teamprofi.de\/gymnasium-kirchseeon\/"},{"@type":"ListItem","position":3,"name":"T-Shirt Base"}]},{"@type":"WebSite","@id":"https:\/\/www.teamprofi.de\/gymnasium-kirchseeon\/#website","url":"https:\/\/www.teamprofi.de\/gymnasium-kirchseeon\/","name":"Gymnasium Kirchseeon","description":"Eine weitere Vereins Shops - Sport G\u00fcrteler Website","potentialAction":[{"@type":"SearchAction","target":{"@type":"EntryPoint","urlTemplate":"https:\/\/www.teamprofi.de\/gymnasium-kirchseeon\/?s={search_term_string}"},"query-input":{"@type":"PropertyValueSpecification","valueRequired":true,"valueName":"search_term_string"}}],"inLanguage":"de"}]}},"_links":{"self":[{"href":"https:\/\/www.teamprofi.de\/gymnasium-kirchseeon\/wp-json\/wp\/v2\/product\/122","targetHints":{"allow":["GET"]}}],"collection":[{"href":"https:\/\/www.teamprofi.de\/gymnasium-kirchseeon\/wp-json\/wp\/v2\/product"}],"about":[{"href":"https:\/\/www.teamprofi.de\/gymnasium-kirchseeon\/wp-json\/wp\/v2\/types\/product"}],"wp:featuredmedia":[{"embeddable":true,"href":"https:\/\/www.teamprofi.de\/gymnasium-kirchseeon\/wp-json\/wp\/v2\/media\/70"}],"wp:attachment":[{"href":"https:\/\/www.teamprofi.de\/gymnasium-kirchseeon\/wp-json\/wp\/v2\/media?parent=122"}],"wp:term":[{"taxonomy":"product_brand","embeddable":true,"href":"https:\/\/www.teamprofi.de\/gymnasium-kirchseeon\/wp-json\/wp\/v2\/product_brand?post=122"},{"taxonomy":"product_cat","embeddable":true,"href":"https:\/\/www.teamprofi.de\/gymnasium-kirchseeon\/wp-json\/wp\/v2\/product_cat?post=122"},{"taxonomy":"product_tag","embeddable":true,"href":"https:\/\/www.teamprofi.de\/gymnasium-kirchseeon\/wp-json\/wp\/v2\/product_tag?post=122"}],"curies":[{"name":"wp","href":"https:\/\/api.w.org\/{rel}","templated":true}]}}