{"id":687,"date":"2020-08-21T15:31:06","date_gmt":"2020-08-21T13:31:06","guid":{"rendered":"https:\/\/www.teamprofi.de\/forst-united\/?post_type=product&#038;p=687"},"modified":"2024-03-06T11:14:48","modified_gmt":"2024-03-06T10:14:48","slug":"core-2-0-hose-women","status":"publish","type":"product","link":"https:\/\/www.teamprofi.de\/forst-united\/produkt\/core-2-0-hose-women","title":{"rendered":"CORE 26 HOSE Women"},"content":{"rendered":"<ul class=\"material\">\n<li>Frauenschnitt<\/li>\n<li>Kordel im Bund<\/li>\n<li>Seitentaschen<\/li>\n<li>Kempa-Stickerei vorne und CORE 2.0-Aufdruck auf der R\u00fcckseite<\/li>\n<li>elastisches Rippb\u00fcndchen an den Beinabschl\u00fcssen<\/li>\n<\/ul>\n<p>Material:<br \/>\nschwarz: 60% Baumwolle, 40% Polyester<\/p>\n","protected":false},"excerpt":{"rendered":"<p>Frauenschnitt Kordel im Bund Seitentaschen Kempa-Stickerei vorne und CORE 2.0-Aufdruck auf der R\u00fcckseite elastisches Rippb\u00fcndchen an den Beinabschl\u00fcssen Material: schwarz: 60% Baumwolle, 40% Polyester<\/p>\n","protected":false},"featured_media":1434,"template":"","meta":{"inline_featured_image":false},"product_brand":[],"product_cat":[107],"product_tag":[],"class_list":{"0":"post-687","1":"product","2":"type-product","3":"status-publish","4":"has-post-thumbnail","6":"product_cat-teamsport","8":"first","9":"instock","10":"taxable","11":"shipping-taxable","12":"purchasable","13":"product-type-variable"},"yoast_head":"<!-- This site is optimized with the Yoast SEO plugin v27.3 - https:\/\/yoast.com\/product\/yoast-seo-wordpress\/ -->\n<title>CORE 26 HOSE Women - Forst United Ebersberg<\/title>\n<meta name=\"robots\" content=\"index, follow, max-snippet:-1, max-image-preview:large, max-video-preview:-1\" \/>\n<link rel=\"canonical\" href=\"https:\/\/www.teamprofi.de\/forst-united\/produkt\/core-2-0-hose-women\" \/>\n<meta property=\"og:locale\" content=\"de_DE\" \/>\n<meta property=\"og:type\" content=\"article\" \/>\n<meta property=\"og:title\" content=\"CORE 26 HOSE Women - Forst United Ebersberg\" \/>\n<meta property=\"og:description\" content=\"Frauenschnitt Kordel im Bund Seitentaschen Kempa-Stickerei vorne und CORE 2.0-Aufdruck auf der R\u00fcckseite elastisches Rippb\u00fcndchen an den Beinabschl\u00fcssen Material: schwarz: 60% Baumwolle, 40% Polyester\" \/>\n<meta property=\"og:url\" content=\"https:\/\/www.teamprofi.de\/forst-united\/produkt\/core-2-0-hose-women\" \/>\n<meta property=\"og:site_name\" content=\"Forst United Ebersberg\" \/>\n<meta property=\"article:modified_time\" content=\"2024-03-06T10:14:48+00:00\" \/>\n<meta property=\"og:image\" content=\"https:\/\/www.teamprofi.de\/forst-united\/wp-content\/uploads\/sites\/13\/2020\/08\/2003665_01V.jpg\" \/>\n\t<meta property=\"og:image:width\" content=\"2362\" \/>\n\t<meta property=\"og:image:height\" content=\"2362\" \/>\n\t<meta property=\"og:image:type\" content=\"image\/jpeg\" \/>\n<meta name=\"twitter:card\" content=\"summary_large_image\" \/>\n<script type=\"application\/ld+json\" class=\"yoast-schema-graph\">{\"@context\":\"https:\\\/\\\/schema.org\",\"@graph\":[{\"@type\":\"WebPage\",\"@id\":\"https:\\\/\\\/www.teamprofi.de\\\/forst-united\\\/produkt\\\/core-2-0-hose-women\",\"url\":\"https:\\\/\\\/www.teamprofi.de\\\/forst-united\\\/produkt\\\/core-2-0-hose-women\",\"name\":\"CORE 26 HOSE Women - Forst United Ebersberg\",\"isPartOf\":{\"@id\":\"https:\\\/\\\/www.teamprofi.de\\\/forst-united\\\/#website\"},\"primaryImageOfPage\":{\"@id\":\"https:\\\/\\\/www.teamprofi.de\\\/forst-united\\\/produkt\\\/core-2-0-hose-women#primaryimage\"},\"image\":{\"@id\":\"https:\\\/\\\/www.teamprofi.de\\\/forst-united\\\/produkt\\\/core-2-0-hose-women#primaryimage\"},\"thumbnailUrl\":\"https:\\\/\\\/www.teamprofi.de\\\/forst-united\\\/wp-content\\\/uploads\\\/sites\\\/13\\\/2020\\\/08\\\/2003665_01V.jpg\",\"datePublished\":\"2020-08-21T13:31:06+00:00\",\"dateModified\":\"2024-03-06T10:14:48+00:00\",\"breadcrumb\":{\"@id\":\"https:\\\/\\\/www.teamprofi.de\\\/forst-united\\\/produkt\\\/core-2-0-hose-women#breadcrumb\"},\"inLanguage\":\"de\",\"potentialAction\":[{\"@type\":\"ReadAction\",\"target\":[\"https:\\\/\\\/www.teamprofi.de\\\/forst-united\\\/produkt\\\/core-2-0-hose-women\"]}]},{\"@type\":\"ImageObject\",\"inLanguage\":\"de\",\"@id\":\"https:\\\/\\\/www.teamprofi.de\\\/forst-united\\\/produkt\\\/core-2-0-hose-women#primaryimage\",\"url\":\"https:\\\/\\\/www.teamprofi.de\\\/forst-united\\\/wp-content\\\/uploads\\\/sites\\\/13\\\/2020\\\/08\\\/2003665_01V.jpg\",\"contentUrl\":\"https:\\\/\\\/www.teamprofi.de\\\/forst-united\\\/wp-content\\\/uploads\\\/sites\\\/13\\\/2020\\\/08\\\/2003665_01V.jpg\",\"width\":2362,\"height\":2362},{\"@type\":\"BreadcrumbList\",\"@id\":\"https:\\\/\\\/www.teamprofi.de\\\/forst-united\\\/produkt\\\/core-2-0-hose-women#breadcrumb\",\"itemListElement\":[{\"@type\":\"ListItem\",\"position\":1,\"name\":\"Startseite\",\"item\":\"https:\\\/\\\/www.teamprofi.de\\\/forst-united\\\/\"},{\"@type\":\"ListItem\",\"position\":2,\"name\":\"Shop\",\"item\":\"https:\\\/\\\/www.teamprofi.de\\\/forst-united\\\/\"},{\"@type\":\"ListItem\",\"position\":3,\"name\":\"CORE 26 HOSE Women\"}]},{\"@type\":\"WebSite\",\"@id\":\"https:\\\/\\\/www.teamprofi.de\\\/forst-united\\\/#website\",\"url\":\"https:\\\/\\\/www.teamprofi.de\\\/forst-united\\\/\",\"name\":\"Forst United Ebersberg\",\"description\":\"Vereins-Shop - Sport G\u00fcrteler\",\"potentialAction\":[{\"@type\":\"SearchAction\",\"target\":{\"@type\":\"EntryPoint\",\"urlTemplate\":\"https:\\\/\\\/www.teamprofi.de\\\/forst-united\\\/?s={search_term_string}\"},\"query-input\":{\"@type\":\"PropertyValueSpecification\",\"valueRequired\":true,\"valueName\":\"search_term_string\"}}],\"inLanguage\":\"de\"}]}<\/script>\n<!-- \/ Yoast SEO plugin. -->","yoast_head_json":{"title":"CORE 26 HOSE Women - Forst United Ebersberg","robots":{"index":"index","follow":"follow","max-snippet":"max-snippet:-1","max-image-preview":"max-image-preview:large","max-video-preview":"max-video-preview:-1"},"canonical":"https:\/\/www.teamprofi.de\/forst-united\/produkt\/core-2-0-hose-women","og_locale":"de_DE","og_type":"article","og_title":"CORE 26 HOSE Women - Forst United Ebersberg","og_description":"Frauenschnitt Kordel im Bund Seitentaschen Kempa-Stickerei vorne und CORE 2.0-Aufdruck auf der R\u00fcckseite elastisches Rippb\u00fcndchen an den Beinabschl\u00fcssen Material: schwarz: 60% Baumwolle, 40% Polyester","og_url":"https:\/\/www.teamprofi.de\/forst-united\/produkt\/core-2-0-hose-women","og_site_name":"Forst United Ebersberg","article_modified_time":"2024-03-06T10:14:48+00:00","og_image":[{"width":2362,"height":2362,"url":"https:\/\/www.teamprofi.de\/forst-united\/wp-content\/uploads\/sites\/13\/2020\/08\/2003665_01V.jpg","type":"image\/jpeg"}],"twitter_card":"summary_large_image","schema":{"@context":"https:\/\/schema.org","@graph":[{"@type":"WebPage","@id":"https:\/\/www.teamprofi.de\/forst-united\/produkt\/core-2-0-hose-women","url":"https:\/\/www.teamprofi.de\/forst-united\/produkt\/core-2-0-hose-women","name":"CORE 26 HOSE Women - Forst United Ebersberg","isPartOf":{"@id":"https:\/\/www.teamprofi.de\/forst-united\/#website"},"primaryImageOfPage":{"@id":"https:\/\/www.teamprofi.de\/forst-united\/produkt\/core-2-0-hose-women#primaryimage"},"image":{"@id":"https:\/\/www.teamprofi.de\/forst-united\/produkt\/core-2-0-hose-women#primaryimage"},"thumbnailUrl":"https:\/\/www.teamprofi.de\/forst-united\/wp-content\/uploads\/sites\/13\/2020\/08\/2003665_01V.jpg","datePublished":"2020-08-21T13:31:06+00:00","dateModified":"2024-03-06T10:14:48+00:00","breadcrumb":{"@id":"https:\/\/www.teamprofi.de\/forst-united\/produkt\/core-2-0-hose-women#breadcrumb"},"inLanguage":"de","potentialAction":[{"@type":"ReadAction","target":["https:\/\/www.teamprofi.de\/forst-united\/produkt\/core-2-0-hose-women"]}]},{"@type":"ImageObject","inLanguage":"de","@id":"https:\/\/www.teamprofi.de\/forst-united\/produkt\/core-2-0-hose-women#primaryimage","url":"https:\/\/www.teamprofi.de\/forst-united\/wp-content\/uploads\/sites\/13\/2020\/08\/2003665_01V.jpg","contentUrl":"https:\/\/www.teamprofi.de\/forst-united\/wp-content\/uploads\/sites\/13\/2020\/08\/2003665_01V.jpg","width":2362,"height":2362},{"@type":"BreadcrumbList","@id":"https:\/\/www.teamprofi.de\/forst-united\/produkt\/core-2-0-hose-women#breadcrumb","itemListElement":[{"@type":"ListItem","position":1,"name":"Startseite","item":"https:\/\/www.teamprofi.de\/forst-united\/"},{"@type":"ListItem","position":2,"name":"Shop","item":"https:\/\/www.teamprofi.de\/forst-united\/"},{"@type":"ListItem","position":3,"name":"CORE 26 HOSE Women"}]},{"@type":"WebSite","@id":"https:\/\/www.teamprofi.de\/forst-united\/#website","url":"https:\/\/www.teamprofi.de\/forst-united\/","name":"Forst United Ebersberg","description":"Vereins-Shop - Sport G\u00fcrteler","potentialAction":[{"@type":"SearchAction","target":{"@type":"EntryPoint","urlTemplate":"https:\/\/www.teamprofi.de\/forst-united\/?s={search_term_string}"},"query-input":{"@type":"PropertyValueSpecification","valueRequired":true,"valueName":"search_term_string"}}],"inLanguage":"de"}]}},"_links":{"self":[{"href":"https:\/\/www.teamprofi.de\/forst-united\/wp-json\/wp\/v2\/product\/687","targetHints":{"allow":["GET"]}}],"collection":[{"href":"https:\/\/www.teamprofi.de\/forst-united\/wp-json\/wp\/v2\/product"}],"about":[{"href":"https:\/\/www.teamprofi.de\/forst-united\/wp-json\/wp\/v2\/types\/product"}],"wp:featuredmedia":[{"embeddable":true,"href":"https:\/\/www.teamprofi.de\/forst-united\/wp-json\/wp\/v2\/media\/1434"}],"wp:attachment":[{"href":"https:\/\/www.teamprofi.de\/forst-united\/wp-json\/wp\/v2\/media?parent=687"}],"wp:term":[{"taxonomy":"product_brand","embeddable":true,"href":"https:\/\/www.teamprofi.de\/forst-united\/wp-json\/wp\/v2\/product_brand?post=687"},{"taxonomy":"product_cat","embeddable":true,"href":"https:\/\/www.teamprofi.de\/forst-united\/wp-json\/wp\/v2\/product_cat?post=687"},{"taxonomy":"product_tag","embeddable":true,"href":"https:\/\/www.teamprofi.de\/forst-united\/wp-json\/wp\/v2\/product_tag?post=687"}],"curies":[{"name":"wp","href":"https:\/\/api.w.org\/{rel}","templated":true}]}}