{"id":1650,"date":"2025-06-27T10:21:43","date_gmt":"2025-06-27T08:21:43","guid":{"rendered":"https:\/\/www.teamprofi.de\/forst-united\/?post_type=product&#038;p=1650"},"modified":"2025-06-27T10:21:43","modified_gmt":"2025-06-27T08:21:43","slug":"stmnt-kapuzenjacke","status":"publish","type":"product","link":"https:\/\/www.teamprofi.de\/forst-united\/produkt\/stmnt-kapuzenjacke","title":{"rendered":"STMNT Kapuzenjacke"},"content":{"rendered":"<ul>\n<li>FOR THE PLANET<\/li>\n<li>K\u00e4ngurutasche<\/li>\n<li>Vorverlagerte Schulternaht f\u00fcr optimale Passform<\/li>\n<li>Elastischer Rippbund<\/li>\n<li>Weblabels aus recycelter Baumwolle<\/li>\n<li>Hochabschlie\u00dfender Kragen mit Kapuze<\/li>\n<li>Raglan f\u00fcr optimale Passform und Bewegungsfreiheit<\/li>\n<\/ul>\n<div class=\"headline\">Spezifikationen<\/div>\n<table class=\"table\">\n<tbody>\n<tr>\n<td class=\"attrib\">Farbe<\/td>\n<td>steingrau<\/td>\n<\/tr>\n<tr>\n<td class=\"attrib\">Materialzusammensetzung<\/td>\n<td>72% Baumwolle (Bio), 28% Polyester (recycelt)<\/td>\n<\/tr>\n<tr>\n<td class=\"attrib\">Kollektion<\/td>\n<td>STMNT<\/td>\n<\/tr>\n<tr>\n<td class=\"attrib\">Produktart<\/td>\n<td>Kapuzenjacke<\/td>\n<\/tr>\n<tr>\n<td class=\"attrib\">Geschlecht<\/td>\n<td>Unisex \/ Kein Geschlecht<\/td>\n<\/tr>\n<\/tbody>\n<\/table>\n<p><\/p>\n","protected":false},"excerpt":{"rendered":"<p>FOR THE PLANET K\u00e4ngurutasche Vorverlagerte Schulternaht f\u00fcr optimale Passform Elastischer Rippbund Weblabels aus recycelter Baumwolle Hochabschlie\u00dfender Kragen mit Kapuze Raglan f\u00fcr optimale Passform und Bewegungsfreiheit Spezifikationen Farbe steingrau Materialzusammensetzung 72%<\/p>\n","protected":false},"featured_media":1680,"template":"","meta":{"inline_featured_image":false},"product_brand":[],"product_cat":[107],"product_tag":[],"class_list":{"0":"post-1650","1":"product","2":"type-product","3":"status-publish","4":"has-post-thumbnail","6":"product_cat-teamsport","8":"first","9":"instock","10":"taxable","11":"shipping-taxable","12":"purchasable","13":"product-type-variable"},"yoast_head":"<!-- This site is optimized with the Yoast SEO plugin v27.3 - https:\/\/yoast.com\/product\/yoast-seo-wordpress\/ -->\n<title>STMNT Kapuzenjacke - Forst United Ebersberg<\/title>\n<meta name=\"robots\" content=\"index, follow, max-snippet:-1, max-image-preview:large, max-video-preview:-1\" \/>\n<link rel=\"canonical\" href=\"https:\/\/www.teamprofi.de\/forst-united\/produkt\/stmnt-kapuzenjacke\" \/>\n<meta property=\"og:locale\" content=\"de_DE\" \/>\n<meta property=\"og:type\" content=\"article\" \/>\n<meta property=\"og:title\" content=\"STMNT Kapuzenjacke - Forst United Ebersberg\" \/>\n<meta property=\"og:description\" content=\"FOR THE PLANET K\u00e4ngurutasche Vorverlagerte Schulternaht f\u00fcr optimale Passform Elastischer Rippbund Weblabels aus recycelter Baumwolle Hochabschlie\u00dfender Kragen mit Kapuze Raglan f\u00fcr optimale Passform und Bewegungsfreiheit Spezifikationen Farbe steingrau Materialzusammensetzung 72%\" \/>\n<meta property=\"og:url\" content=\"https:\/\/www.teamprofi.de\/forst-united\/produkt\/stmnt-kapuzenjacke\" \/>\n<meta property=\"og:site_name\" content=\"Forst United Ebersberg\" \/>\n<meta property=\"og:image\" content=\"https:\/\/www.teamprofi.de\/forst-united\/wp-content\/uploads\/sites\/13\/2025\/06\/200516237-front.jpg\" \/>\n\t<meta property=\"og:image:width\" content=\"2362\" \/>\n\t<meta property=\"og:image:height\" content=\"2362\" \/>\n\t<meta property=\"og:image:type\" content=\"image\/jpeg\" \/>\n<meta name=\"twitter:card\" content=\"summary_large_image\" \/>\n<meta name=\"twitter:label1\" content=\"Gesch\u00e4tzte Lesezeit\" \/>\n\t<meta name=\"twitter:data1\" content=\"1\u00a0Minute\" \/>\n<script type=\"application\/ld+json\" class=\"yoast-schema-graph\">{\"@context\":\"https:\\\/\\\/schema.org\",\"@graph\":[{\"@type\":\"WebPage\",\"@id\":\"https:\\\/\\\/www.teamprofi.de\\\/forst-united\\\/produkt\\\/stmnt-kapuzenjacke\",\"url\":\"https:\\\/\\\/www.teamprofi.de\\\/forst-united\\\/produkt\\\/stmnt-kapuzenjacke\",\"name\":\"STMNT Kapuzenjacke - Forst United Ebersberg\",\"isPartOf\":{\"@id\":\"https:\\\/\\\/www.teamprofi.de\\\/forst-united\\\/#website\"},\"primaryImageOfPage\":{\"@id\":\"https:\\\/\\\/www.teamprofi.de\\\/forst-united\\\/produkt\\\/stmnt-kapuzenjacke#primaryimage\"},\"image\":{\"@id\":\"https:\\\/\\\/www.teamprofi.de\\\/forst-united\\\/produkt\\\/stmnt-kapuzenjacke#primaryimage\"},\"thumbnailUrl\":\"https:\\\/\\\/www.teamprofi.de\\\/forst-united\\\/wp-content\\\/uploads\\\/sites\\\/13\\\/2025\\\/06\\\/200516237-front.jpg\",\"datePublished\":\"2025-06-27T08:21:43+00:00\",\"breadcrumb\":{\"@id\":\"https:\\\/\\\/www.teamprofi.de\\\/forst-united\\\/produkt\\\/stmnt-kapuzenjacke#breadcrumb\"},\"inLanguage\":\"de\",\"potentialAction\":[{\"@type\":\"ReadAction\",\"target\":[\"https:\\\/\\\/www.teamprofi.de\\\/forst-united\\\/produkt\\\/stmnt-kapuzenjacke\"]}]},{\"@type\":\"ImageObject\",\"inLanguage\":\"de\",\"@id\":\"https:\\\/\\\/www.teamprofi.de\\\/forst-united\\\/produkt\\\/stmnt-kapuzenjacke#primaryimage\",\"url\":\"https:\\\/\\\/www.teamprofi.de\\\/forst-united\\\/wp-content\\\/uploads\\\/sites\\\/13\\\/2025\\\/06\\\/200516237-front.jpg\",\"contentUrl\":\"https:\\\/\\\/www.teamprofi.de\\\/forst-united\\\/wp-content\\\/uploads\\\/sites\\\/13\\\/2025\\\/06\\\/200516237-front.jpg\",\"width\":2362,\"height\":2362},{\"@type\":\"BreadcrumbList\",\"@id\":\"https:\\\/\\\/www.teamprofi.de\\\/forst-united\\\/produkt\\\/stmnt-kapuzenjacke#breadcrumb\",\"itemListElement\":[{\"@type\":\"ListItem\",\"position\":1,\"name\":\"Startseite\",\"item\":\"https:\\\/\\\/www.teamprofi.de\\\/forst-united\\\/\"},{\"@type\":\"ListItem\",\"position\":2,\"name\":\"Shop\",\"item\":\"https:\\\/\\\/www.teamprofi.de\\\/forst-united\\\/\"},{\"@type\":\"ListItem\",\"position\":3,\"name\":\"STMNT Kapuzenjacke\"}]},{\"@type\":\"WebSite\",\"@id\":\"https:\\\/\\\/www.teamprofi.de\\\/forst-united\\\/#website\",\"url\":\"https:\\\/\\\/www.teamprofi.de\\\/forst-united\\\/\",\"name\":\"Forst United Ebersberg\",\"description\":\"Vereins-Shop - Sport G\u00fcrteler\",\"potentialAction\":[{\"@type\":\"SearchAction\",\"target\":{\"@type\":\"EntryPoint\",\"urlTemplate\":\"https:\\\/\\\/www.teamprofi.de\\\/forst-united\\\/?s={search_term_string}\"},\"query-input\":{\"@type\":\"PropertyValueSpecification\",\"valueRequired\":true,\"valueName\":\"search_term_string\"}}],\"inLanguage\":\"de\"}]}<\/script>\n<!-- \/ Yoast SEO plugin. -->","yoast_head_json":{"title":"STMNT Kapuzenjacke - Forst United Ebersberg","robots":{"index":"index","follow":"follow","max-snippet":"max-snippet:-1","max-image-preview":"max-image-preview:large","max-video-preview":"max-video-preview:-1"},"canonical":"https:\/\/www.teamprofi.de\/forst-united\/produkt\/stmnt-kapuzenjacke","og_locale":"de_DE","og_type":"article","og_title":"STMNT Kapuzenjacke - Forst United Ebersberg","og_description":"FOR THE PLANET K\u00e4ngurutasche Vorverlagerte Schulternaht f\u00fcr optimale Passform Elastischer Rippbund Weblabels aus recycelter Baumwolle Hochabschlie\u00dfender Kragen mit Kapuze Raglan f\u00fcr optimale Passform und Bewegungsfreiheit Spezifikationen Farbe steingrau Materialzusammensetzung 72%","og_url":"https:\/\/www.teamprofi.de\/forst-united\/produkt\/stmnt-kapuzenjacke","og_site_name":"Forst United Ebersberg","og_image":[{"width":2362,"height":2362,"url":"https:\/\/www.teamprofi.de\/forst-united\/wp-content\/uploads\/sites\/13\/2025\/06\/200516237-front.jpg","type":"image\/jpeg"}],"twitter_card":"summary_large_image","twitter_misc":{"Gesch\u00e4tzte Lesezeit":"1\u00a0Minute"},"schema":{"@context":"https:\/\/schema.org","@graph":[{"@type":"WebPage","@id":"https:\/\/www.teamprofi.de\/forst-united\/produkt\/stmnt-kapuzenjacke","url":"https:\/\/www.teamprofi.de\/forst-united\/produkt\/stmnt-kapuzenjacke","name":"STMNT Kapuzenjacke - Forst United Ebersberg","isPartOf":{"@id":"https:\/\/www.teamprofi.de\/forst-united\/#website"},"primaryImageOfPage":{"@id":"https:\/\/www.teamprofi.de\/forst-united\/produkt\/stmnt-kapuzenjacke#primaryimage"},"image":{"@id":"https:\/\/www.teamprofi.de\/forst-united\/produkt\/stmnt-kapuzenjacke#primaryimage"},"thumbnailUrl":"https:\/\/www.teamprofi.de\/forst-united\/wp-content\/uploads\/sites\/13\/2025\/06\/200516237-front.jpg","datePublished":"2025-06-27T08:21:43+00:00","breadcrumb":{"@id":"https:\/\/www.teamprofi.de\/forst-united\/produkt\/stmnt-kapuzenjacke#breadcrumb"},"inLanguage":"de","potentialAction":[{"@type":"ReadAction","target":["https:\/\/www.teamprofi.de\/forst-united\/produkt\/stmnt-kapuzenjacke"]}]},{"@type":"ImageObject","inLanguage":"de","@id":"https:\/\/www.teamprofi.de\/forst-united\/produkt\/stmnt-kapuzenjacke#primaryimage","url":"https:\/\/www.teamprofi.de\/forst-united\/wp-content\/uploads\/sites\/13\/2025\/06\/200516237-front.jpg","contentUrl":"https:\/\/www.teamprofi.de\/forst-united\/wp-content\/uploads\/sites\/13\/2025\/06\/200516237-front.jpg","width":2362,"height":2362},{"@type":"BreadcrumbList","@id":"https:\/\/www.teamprofi.de\/forst-united\/produkt\/stmnt-kapuzenjacke#breadcrumb","itemListElement":[{"@type":"ListItem","position":1,"name":"Startseite","item":"https:\/\/www.teamprofi.de\/forst-united\/"},{"@type":"ListItem","position":2,"name":"Shop","item":"https:\/\/www.teamprofi.de\/forst-united\/"},{"@type":"ListItem","position":3,"name":"STMNT Kapuzenjacke"}]},{"@type":"WebSite","@id":"https:\/\/www.teamprofi.de\/forst-united\/#website","url":"https:\/\/www.teamprofi.de\/forst-united\/","name":"Forst United Ebersberg","description":"Vereins-Shop - Sport G\u00fcrteler","potentialAction":[{"@type":"SearchAction","target":{"@type":"EntryPoint","urlTemplate":"https:\/\/www.teamprofi.de\/forst-united\/?s={search_term_string}"},"query-input":{"@type":"PropertyValueSpecification","valueRequired":true,"valueName":"search_term_string"}}],"inLanguage":"de"}]}},"_links":{"self":[{"href":"https:\/\/www.teamprofi.de\/forst-united\/wp-json\/wp\/v2\/product\/1650","targetHints":{"allow":["GET"]}}],"collection":[{"href":"https:\/\/www.teamprofi.de\/forst-united\/wp-json\/wp\/v2\/product"}],"about":[{"href":"https:\/\/www.teamprofi.de\/forst-united\/wp-json\/wp\/v2\/types\/product"}],"wp:featuredmedia":[{"embeddable":true,"href":"https:\/\/www.teamprofi.de\/forst-united\/wp-json\/wp\/v2\/media\/1680"}],"wp:attachment":[{"href":"https:\/\/www.teamprofi.de\/forst-united\/wp-json\/wp\/v2\/media?parent=1650"}],"wp:term":[{"taxonomy":"product_brand","embeddable":true,"href":"https:\/\/www.teamprofi.de\/forst-united\/wp-json\/wp\/v2\/product_brand?post=1650"},{"taxonomy":"product_cat","embeddable":true,"href":"https:\/\/www.teamprofi.de\/forst-united\/wp-json\/wp\/v2\/product_cat?post=1650"},{"taxonomy":"product_tag","embeddable":true,"href":"https:\/\/www.teamprofi.de\/forst-united\/wp-json\/wp\/v2\/product_tag?post=1650"}],"curies":[{"name":"wp","href":"https:\/\/api.w.org\/{rel}","templated":true}]}}