{"id":258,"date":"2020-03-16T08:43:50","date_gmt":"2020-03-16T07:43:50","guid":{"rendered":"https:\/\/www.teamprofi.de\/ehc-klostersee\/?post_type=product&#038;p=258"},"modified":"2023-12-27T16:19:21","modified_gmt":"2023-12-27T15:19:21","slug":"liga-baselayer-long-tight","status":"publish","type":"product","link":"https:\/\/www.teamprofi.de\/ehc-klostersee\/produkt\/liga-baselayer-long-tight\/","title":{"rendered":"LIGA Baselayer Long Tight"},"content":{"rendered":"<p>Slim Fit<\/p>\n<p>Leichtes Kompressionsmaterial: Die Textilschicht direkt auf der Haut arbeitet mit den nat\u00fcrlichen, k\u00f6rpereigenen Systemen Hand in Hand, um die Leistungsf\u00e4higkeit zu steigern| Elasthan-Gewebe f\u00fcr dauerhafte Elastizit\u00e4t und mehr Bewegungsfreiheit<\/p>\n<p>Material: 88%Polyester, 12%Elastan, Jersey (185 g\/m\u00b2)<\/p>\n<p>&nbsp;<\/p>\n","protected":false},"excerpt":{"rendered":"<p>Slim Fit Leichtes Kompressionsmaterial: Die Textilschicht direkt auf der Haut arbeitet mit den nat\u00fcrlichen, k\u00f6rpereigenen Systemen Hand in Hand, um die Leistungsf\u00e4higkeit zu steigern| Elasthan-Gewebe f\u00fcr dauerhafte Elastizit\u00e4t und mehr<\/p>\n","protected":false},"featured_media":281,"template":"","meta":{"inline_featured_image":false,"rs_blank_template":"","rs_page_bg_color":"","slide_template_v7":""},"product_brand":[],"product_cat":[85],"product_tag":[],"class_list":{"0":"post-258","1":"product","2":"type-product","3":"status-publish","4":"has-post-thumbnail","6":"product_cat-teamsport","8":"first","9":"instock","10":"taxable","11":"shipping-taxable","12":"purchasable","13":"product-type-variable"},"yoast_head":"<!-- This site is optimized with the Yoast SEO plugin v27.3 - https:\/\/yoast.com\/product\/yoast-seo-wordpress\/ -->\n<title>LIGA Baselayer Long Tight - EHC Klostersee<\/title>\n<meta name=\"robots\" content=\"index, follow, max-snippet:-1, max-image-preview:large, max-video-preview:-1\" \/>\n<link rel=\"canonical\" href=\"https:\/\/www.teamprofi.de\/ehc-klostersee\/produkt\/liga-baselayer-long-tight\/\" \/>\n<meta property=\"og:locale\" content=\"de_DE\" \/>\n<meta property=\"og:type\" content=\"article\" \/>\n<meta property=\"og:title\" content=\"LIGA Baselayer Long Tight - EHC Klostersee\" \/>\n<meta property=\"og:description\" content=\"Slim Fit Leichtes Kompressionsmaterial: Die Textilschicht direkt auf der Haut arbeitet mit den nat\u00fcrlichen, k\u00f6rpereigenen Systemen Hand in Hand, um die Leistungsf\u00e4higkeit zu steigern| Elasthan-Gewebe f\u00fcr dauerhafte Elastizit\u00e4t und mehr\" \/>\n<meta property=\"og:url\" content=\"https:\/\/www.teamprofi.de\/ehc-klostersee\/produkt\/liga-baselayer-long-tight\/\" \/>\n<meta property=\"og:site_name\" content=\"EHC Klostersee\" \/>\n<meta property=\"article:modified_time\" content=\"2023-12-27T15:19:21+00:00\" \/>\n<meta property=\"og:image\" content=\"https:\/\/www.teamprofi.de\/ehc-klostersee\/wp-content\/uploads\/sites\/21\/2020\/03\/puma__pum-655925-03__6.jpg\" \/>\n\t<meta property=\"og:image:width\" content=\"2000\" \/>\n\t<meta property=\"og:image:height\" content=\"2000\" \/>\n\t<meta property=\"og:image:type\" content=\"image\/jpeg\" \/>\n<meta name=\"twitter:card\" content=\"summary_large_image\" \/>\n<script type=\"application\/ld+json\" class=\"yoast-schema-graph\">{\"@context\":\"https:\\\/\\\/schema.org\",\"@graph\":[{\"@type\":\"WebPage\",\"@id\":\"https:\\\/\\\/www.teamprofi.de\\\/ehc-klostersee\\\/produkt\\\/liga-baselayer-long-tight\\\/\",\"url\":\"https:\\\/\\\/www.teamprofi.de\\\/ehc-klostersee\\\/produkt\\\/liga-baselayer-long-tight\\\/\",\"name\":\"LIGA Baselayer Long Tight - EHC Klostersee\",\"isPartOf\":{\"@id\":\"https:\\\/\\\/www.teamprofi.de\\\/ehc-klostersee\\\/#website\"},\"primaryImageOfPage\":{\"@id\":\"https:\\\/\\\/www.teamprofi.de\\\/ehc-klostersee\\\/produkt\\\/liga-baselayer-long-tight\\\/#primaryimage\"},\"image\":{\"@id\":\"https:\\\/\\\/www.teamprofi.de\\\/ehc-klostersee\\\/produkt\\\/liga-baselayer-long-tight\\\/#primaryimage\"},\"thumbnailUrl\":\"https:\\\/\\\/www.teamprofi.de\\\/ehc-klostersee\\\/wp-content\\\/uploads\\\/sites\\\/21\\\/2020\\\/03\\\/puma__pum-655925-03__6.jpg\",\"datePublished\":\"2020-03-16T07:43:50+00:00\",\"dateModified\":\"2023-12-27T15:19:21+00:00\",\"breadcrumb\":{\"@id\":\"https:\\\/\\\/www.teamprofi.de\\\/ehc-klostersee\\\/produkt\\\/liga-baselayer-long-tight\\\/#breadcrumb\"},\"inLanguage\":\"de\",\"potentialAction\":[{\"@type\":\"ReadAction\",\"target\":[\"https:\\\/\\\/www.teamprofi.de\\\/ehc-klostersee\\\/produkt\\\/liga-baselayer-long-tight\\\/\"]}]},{\"@type\":\"ImageObject\",\"inLanguage\":\"de\",\"@id\":\"https:\\\/\\\/www.teamprofi.de\\\/ehc-klostersee\\\/produkt\\\/liga-baselayer-long-tight\\\/#primaryimage\",\"url\":\"https:\\\/\\\/www.teamprofi.de\\\/ehc-klostersee\\\/wp-content\\\/uploads\\\/sites\\\/21\\\/2020\\\/03\\\/puma__pum-655925-03__6.jpg\",\"contentUrl\":\"https:\\\/\\\/www.teamprofi.de\\\/ehc-klostersee\\\/wp-content\\\/uploads\\\/sites\\\/21\\\/2020\\\/03\\\/puma__pum-655925-03__6.jpg\",\"width\":2000,\"height\":2000},{\"@type\":\"BreadcrumbList\",\"@id\":\"https:\\\/\\\/www.teamprofi.de\\\/ehc-klostersee\\\/produkt\\\/liga-baselayer-long-tight\\\/#breadcrumb\",\"itemListElement\":[{\"@type\":\"ListItem\",\"position\":1,\"name\":\"Startseite\",\"item\":\"https:\\\/\\\/www.teamprofi.de\\\/ehc-klostersee\\\/\"},{\"@type\":\"ListItem\",\"position\":2,\"name\":\"Shop\",\"item\":\"https:\\\/\\\/www.teamprofi.de\\\/ehc-klostersee\\\/\"},{\"@type\":\"ListItem\",\"position\":3,\"name\":\"LIGA Baselayer Long Tight\"}]},{\"@type\":\"WebSite\",\"@id\":\"https:\\\/\\\/www.teamprofi.de\\\/ehc-klostersee\\\/#website\",\"url\":\"https:\\\/\\\/www.teamprofi.de\\\/ehc-klostersee\\\/\",\"name\":\"EHC Klostersee\",\"description\":\"Eine weitere Vereins Shops - Sport G\u00fcrteler Website\",\"potentialAction\":[{\"@type\":\"SearchAction\",\"target\":{\"@type\":\"EntryPoint\",\"urlTemplate\":\"https:\\\/\\\/www.teamprofi.de\\\/ehc-klostersee\\\/?s={search_term_string}\"},\"query-input\":{\"@type\":\"PropertyValueSpecification\",\"valueRequired\":true,\"valueName\":\"search_term_string\"}}],\"inLanguage\":\"de\"}]}<\/script>\n<!-- \/ Yoast SEO plugin. -->","yoast_head_json":{"title":"LIGA Baselayer Long Tight - EHC Klostersee","robots":{"index":"index","follow":"follow","max-snippet":"max-snippet:-1","max-image-preview":"max-image-preview:large","max-video-preview":"max-video-preview:-1"},"canonical":"https:\/\/www.teamprofi.de\/ehc-klostersee\/produkt\/liga-baselayer-long-tight\/","og_locale":"de_DE","og_type":"article","og_title":"LIGA Baselayer Long Tight - EHC Klostersee","og_description":"Slim Fit Leichtes Kompressionsmaterial: Die Textilschicht direkt auf der Haut arbeitet mit den nat\u00fcrlichen, k\u00f6rpereigenen Systemen Hand in Hand, um die Leistungsf\u00e4higkeit zu steigern| Elasthan-Gewebe f\u00fcr dauerhafte Elastizit\u00e4t und mehr","og_url":"https:\/\/www.teamprofi.de\/ehc-klostersee\/produkt\/liga-baselayer-long-tight\/","og_site_name":"EHC Klostersee","article_modified_time":"2023-12-27T15:19:21+00:00","og_image":[{"width":2000,"height":2000,"url":"https:\/\/www.teamprofi.de\/ehc-klostersee\/wp-content\/uploads\/sites\/21\/2020\/03\/puma__pum-655925-03__6.jpg","type":"image\/jpeg"}],"twitter_card":"summary_large_image","schema":{"@context":"https:\/\/schema.org","@graph":[{"@type":"WebPage","@id":"https:\/\/www.teamprofi.de\/ehc-klostersee\/produkt\/liga-baselayer-long-tight\/","url":"https:\/\/www.teamprofi.de\/ehc-klostersee\/produkt\/liga-baselayer-long-tight\/","name":"LIGA Baselayer Long Tight - EHC Klostersee","isPartOf":{"@id":"https:\/\/www.teamprofi.de\/ehc-klostersee\/#website"},"primaryImageOfPage":{"@id":"https:\/\/www.teamprofi.de\/ehc-klostersee\/produkt\/liga-baselayer-long-tight\/#primaryimage"},"image":{"@id":"https:\/\/www.teamprofi.de\/ehc-klostersee\/produkt\/liga-baselayer-long-tight\/#primaryimage"},"thumbnailUrl":"https:\/\/www.teamprofi.de\/ehc-klostersee\/wp-content\/uploads\/sites\/21\/2020\/03\/puma__pum-655925-03__6.jpg","datePublished":"2020-03-16T07:43:50+00:00","dateModified":"2023-12-27T15:19:21+00:00","breadcrumb":{"@id":"https:\/\/www.teamprofi.de\/ehc-klostersee\/produkt\/liga-baselayer-long-tight\/#breadcrumb"},"inLanguage":"de","potentialAction":[{"@type":"ReadAction","target":["https:\/\/www.teamprofi.de\/ehc-klostersee\/produkt\/liga-baselayer-long-tight\/"]}]},{"@type":"ImageObject","inLanguage":"de","@id":"https:\/\/www.teamprofi.de\/ehc-klostersee\/produkt\/liga-baselayer-long-tight\/#primaryimage","url":"https:\/\/www.teamprofi.de\/ehc-klostersee\/wp-content\/uploads\/sites\/21\/2020\/03\/puma__pum-655925-03__6.jpg","contentUrl":"https:\/\/www.teamprofi.de\/ehc-klostersee\/wp-content\/uploads\/sites\/21\/2020\/03\/puma__pum-655925-03__6.jpg","width":2000,"height":2000},{"@type":"BreadcrumbList","@id":"https:\/\/www.teamprofi.de\/ehc-klostersee\/produkt\/liga-baselayer-long-tight\/#breadcrumb","itemListElement":[{"@type":"ListItem","position":1,"name":"Startseite","item":"https:\/\/www.teamprofi.de\/ehc-klostersee\/"},{"@type":"ListItem","position":2,"name":"Shop","item":"https:\/\/www.teamprofi.de\/ehc-klostersee\/"},{"@type":"ListItem","position":3,"name":"LIGA Baselayer Long Tight"}]},{"@type":"WebSite","@id":"https:\/\/www.teamprofi.de\/ehc-klostersee\/#website","url":"https:\/\/www.teamprofi.de\/ehc-klostersee\/","name":"EHC Klostersee","description":"Eine weitere Vereins Shops - Sport G\u00fcrteler Website","potentialAction":[{"@type":"SearchAction","target":{"@type":"EntryPoint","urlTemplate":"https:\/\/www.teamprofi.de\/ehc-klostersee\/?s={search_term_string}"},"query-input":{"@type":"PropertyValueSpecification","valueRequired":true,"valueName":"search_term_string"}}],"inLanguage":"de"}]}},"_links":{"self":[{"href":"https:\/\/www.teamprofi.de\/ehc-klostersee\/wp-json\/wp\/v2\/product\/258","targetHints":{"allow":["GET"]}}],"collection":[{"href":"https:\/\/www.teamprofi.de\/ehc-klostersee\/wp-json\/wp\/v2\/product"}],"about":[{"href":"https:\/\/www.teamprofi.de\/ehc-klostersee\/wp-json\/wp\/v2\/types\/product"}],"wp:featuredmedia":[{"embeddable":true,"href":"https:\/\/www.teamprofi.de\/ehc-klostersee\/wp-json\/wp\/v2\/media\/281"}],"wp:attachment":[{"href":"https:\/\/www.teamprofi.de\/ehc-klostersee\/wp-json\/wp\/v2\/media?parent=258"}],"wp:term":[{"taxonomy":"product_brand","embeddable":true,"href":"https:\/\/www.teamprofi.de\/ehc-klostersee\/wp-json\/wp\/v2\/product_brand?post=258"},{"taxonomy":"product_cat","embeddable":true,"href":"https:\/\/www.teamprofi.de\/ehc-klostersee\/wp-json\/wp\/v2\/product_cat?post=258"},{"taxonomy":"product_tag","embeddable":true,"href":"https:\/\/www.teamprofi.de\/ehc-klostersee\/wp-json\/wp\/v2\/product_tag?post=258"}],"curies":[{"name":"wp","href":"https:\/\/api.w.org\/{rel}","templated":true}]}}