{"id":2123,"date":"2025-11-12T13:39:26","date_gmt":"2025-11-12T12:39:26","guid":{"rendered":"https:\/\/www.teamprofi.de\/ehc-klostersee\/?post_type=product&#038;p=2123"},"modified":"2025-11-12T13:42:12","modified_gmt":"2025-11-12T12:42:12","slug":"ehc-beanie","status":"publish","type":"product","link":"https:\/\/www.teamprofi.de\/ehc-klostersee\/produkt\/ehc-beanie\/","title":{"rendered":"EHC Beanie"},"content":{"rendered":"<table class=\"table table-striped product-detail-properties-table\">\n<tbody>\n<tr class=\"properties-row\">\n<th class=\"properties-label\">Art der M\u00fctze:<\/th>\n<td class=\"properties-value\">Beanies<\/td>\n<\/tr>\n<tr class=\"properties-row\">\n<th class=\"properties-label\">Artikelart:<\/th>\n<td class=\"properties-value\">M\u00fctzen<\/td>\n<\/tr>\n<tr class=\"properties-row\">\n<th class=\"properties-label\">Material:<\/th>\n<td class=\"properties-value\">100% Polyester<\/td>\n<\/tr>\n<tr class=\"properties-row\">\n<th class=\"properties-label\">Materialtyp:<\/th>\n<td class=\"properties-value\">Strick<\/td>\n<\/tr>\n<tr class=\"properties-row\">\n<th class=\"properties-label\">Pflegehinweis:<\/th>\n<td class=\"properties-value\">40\u00b0C Waschbar<\/td>\n<\/tr>\n<tr class=\"properties-row\">\n<th class=\"properties-label\">Nachhaltigkeit &amp; Siegel:<\/th>\n<td class=\"properties-value\">Recycelter Polyester<\/td>\n<\/tr>\n<\/tbody>\n<\/table>\n<p>Entdecken Sie die Vielseitigkeit und Nachhaltigkeit der Beechfield Polylana\u00ae Original Cuffed Beanie! Diese trendige M\u00fctze ist perfekt f\u00fcr die kommende Herbst\/Winter-Saison. Hergestellt aus dem innovativen Garn Polylana\u00ae, einer Mischung aus neuem und recyceltem Polyester, \u00fcberzeugt die Beanie nicht nur durch ihre hohe Qualit\u00e4t, sondern auch durch ihre Umweltfreundlichkeit.<\/p>\n<p>Pflegeleicht und waschbar bei 40\u00b0C ist diese M\u00fctze sowohl praktisch als auch stylisch. Egal ob f\u00fcr ein entspanntes Wochenende im Freien oder f\u00fcr den t\u00e4glichen Einsatz in der Stadt, die Beechfield Polylana\u00ae Beanie ist der perfekte Begleiter f\u00fcr jedes Abenteuer.<\/p>\n","protected":false},"excerpt":{"rendered":"<p>Art der M\u00fctze: Beanies Artikelart: M\u00fctzen Material: 100% Polyester Materialtyp: Strick Pflegehinweis: 40\u00b0C Waschbar Nachhaltigkeit &amp; Siegel: Recycelter Polyester Entdecken Sie die Vielseitigkeit und Nachhaltigkeit der Beechfield Polylana\u00ae Original Cuffed<\/p>\n","protected":false},"featured_media":2125,"template":"","meta":{"inline_featured_image":false,"rs_blank_template":"","rs_page_bg_color":"","slide_template_v7":""},"product_brand":[],"product_cat":[85],"product_tag":[],"class_list":{"0":"post-2123","1":"product","2":"type-product","3":"status-publish","4":"has-post-thumbnail","6":"product_cat-teamsport","8":"first","9":"instock","10":"taxable","11":"shipping-taxable","12":"purchasable","13":"product-type-simple"},"yoast_head":"<!-- This site is optimized with the Yoast SEO plugin v27.3 - https:\/\/yoast.com\/product\/yoast-seo-wordpress\/ -->\n<title>EHC Beanie - EHC Klostersee<\/title>\n<meta name=\"robots\" content=\"index, follow, max-snippet:-1, max-image-preview:large, max-video-preview:-1\" \/>\n<link rel=\"canonical\" href=\"https:\/\/www.teamprofi.de\/ehc-klostersee\/produkt\/ehc-beanie\/\" \/>\n<meta property=\"og:locale\" content=\"de_DE\" \/>\n<meta property=\"og:type\" content=\"article\" \/>\n<meta property=\"og:title\" content=\"EHC Beanie - EHC Klostersee\" \/>\n<meta property=\"og:description\" content=\"Art der M\u00fctze: Beanies Artikelart: M\u00fctzen Material: 100% Polyester Materialtyp: Strick Pflegehinweis: 40\u00b0C Waschbar Nachhaltigkeit &amp; Siegel: Recycelter Polyester Entdecken Sie die Vielseitigkeit und Nachhaltigkeit der Beechfield Polylana\u00ae Original Cuffed\" \/>\n<meta property=\"og:url\" content=\"https:\/\/www.teamprofi.de\/ehc-klostersee\/produkt\/ehc-beanie\/\" \/>\n<meta property=\"og:site_name\" content=\"EHC Klostersee\" \/>\n<meta property=\"article:modified_time\" content=\"2025-11-12T12:42:12+00:00\" \/>\n<meta property=\"og:image\" content=\"https:\/\/www.teamprofi.de\/ehc-klostersee\/wp-content\/uploads\/sites\/21\/2025\/11\/ehc-Muetze_1-947x1024.jpg\" \/>\n\t<meta property=\"og:image:width\" content=\"947\" \/>\n\t<meta property=\"og:image:height\" content=\"1024\" \/>\n\t<meta property=\"og:image:type\" content=\"image\/jpeg\" \/>\n<meta name=\"twitter:card\" content=\"summary_large_image\" \/>\n<meta name=\"twitter:label1\" content=\"Gesch\u00e4tzte Lesezeit\" \/>\n\t<meta name=\"twitter:data1\" content=\"1\u00a0Minute\" \/>\n<script type=\"application\/ld+json\" class=\"yoast-schema-graph\">{\"@context\":\"https:\\\/\\\/schema.org\",\"@graph\":[{\"@type\":\"WebPage\",\"@id\":\"https:\\\/\\\/www.teamprofi.de\\\/ehc-klostersee\\\/produkt\\\/ehc-beanie\\\/\",\"url\":\"https:\\\/\\\/www.teamprofi.de\\\/ehc-klostersee\\\/produkt\\\/ehc-beanie\\\/\",\"name\":\"EHC Beanie - EHC Klostersee\",\"isPartOf\":{\"@id\":\"https:\\\/\\\/www.teamprofi.de\\\/ehc-klostersee\\\/#website\"},\"primaryImageOfPage\":{\"@id\":\"https:\\\/\\\/www.teamprofi.de\\\/ehc-klostersee\\\/produkt\\\/ehc-beanie\\\/#primaryimage\"},\"image\":{\"@id\":\"https:\\\/\\\/www.teamprofi.de\\\/ehc-klostersee\\\/produkt\\\/ehc-beanie\\\/#primaryimage\"},\"thumbnailUrl\":\"https:\\\/\\\/www.teamprofi.de\\\/ehc-klostersee\\\/wp-content\\\/uploads\\\/sites\\\/21\\\/2025\\\/11\\\/ehc-Muetze_1.jpg\",\"datePublished\":\"2025-11-12T12:39:26+00:00\",\"dateModified\":\"2025-11-12T12:42:12+00:00\",\"breadcrumb\":{\"@id\":\"https:\\\/\\\/www.teamprofi.de\\\/ehc-klostersee\\\/produkt\\\/ehc-beanie\\\/#breadcrumb\"},\"inLanguage\":\"de\",\"potentialAction\":[{\"@type\":\"ReadAction\",\"target\":[\"https:\\\/\\\/www.teamprofi.de\\\/ehc-klostersee\\\/produkt\\\/ehc-beanie\\\/\"]}]},{\"@type\":\"ImageObject\",\"inLanguage\":\"de\",\"@id\":\"https:\\\/\\\/www.teamprofi.de\\\/ehc-klostersee\\\/produkt\\\/ehc-beanie\\\/#primaryimage\",\"url\":\"https:\\\/\\\/www.teamprofi.de\\\/ehc-klostersee\\\/wp-content\\\/uploads\\\/sites\\\/21\\\/2025\\\/11\\\/ehc-Muetze_1.jpg\",\"contentUrl\":\"https:\\\/\\\/www.teamprofi.de\\\/ehc-klostersee\\\/wp-content\\\/uploads\\\/sites\\\/21\\\/2025\\\/11\\\/ehc-Muetze_1.jpg\",\"width\":1848,\"height\":1998},{\"@type\":\"BreadcrumbList\",\"@id\":\"https:\\\/\\\/www.teamprofi.de\\\/ehc-klostersee\\\/produkt\\\/ehc-beanie\\\/#breadcrumb\",\"itemListElement\":[{\"@type\":\"ListItem\",\"position\":1,\"name\":\"Startseite\",\"item\":\"https:\\\/\\\/www.teamprofi.de\\\/ehc-klostersee\\\/\"},{\"@type\":\"ListItem\",\"position\":2,\"name\":\"Shop\",\"item\":\"https:\\\/\\\/www.teamprofi.de\\\/ehc-klostersee\\\/\"},{\"@type\":\"ListItem\",\"position\":3,\"name\":\"EHC Beanie\"}]},{\"@type\":\"WebSite\",\"@id\":\"https:\\\/\\\/www.teamprofi.de\\\/ehc-klostersee\\\/#website\",\"url\":\"https:\\\/\\\/www.teamprofi.de\\\/ehc-klostersee\\\/\",\"name\":\"EHC Klostersee\",\"description\":\"Eine weitere Vereins Shops - Sport G\u00fcrteler Website\",\"potentialAction\":[{\"@type\":\"SearchAction\",\"target\":{\"@type\":\"EntryPoint\",\"urlTemplate\":\"https:\\\/\\\/www.teamprofi.de\\\/ehc-klostersee\\\/?s={search_term_string}\"},\"query-input\":{\"@type\":\"PropertyValueSpecification\",\"valueRequired\":true,\"valueName\":\"search_term_string\"}}],\"inLanguage\":\"de\"}]}<\/script>\n<!-- \/ Yoast SEO plugin. -->","yoast_head_json":{"title":"EHC Beanie - EHC Klostersee","robots":{"index":"index","follow":"follow","max-snippet":"max-snippet:-1","max-image-preview":"max-image-preview:large","max-video-preview":"max-video-preview:-1"},"canonical":"https:\/\/www.teamprofi.de\/ehc-klostersee\/produkt\/ehc-beanie\/","og_locale":"de_DE","og_type":"article","og_title":"EHC Beanie - EHC Klostersee","og_description":"Art der M\u00fctze: Beanies Artikelart: M\u00fctzen Material: 100% Polyester Materialtyp: Strick Pflegehinweis: 40\u00b0C Waschbar Nachhaltigkeit &amp; Siegel: Recycelter Polyester Entdecken Sie die Vielseitigkeit und Nachhaltigkeit der Beechfield Polylana\u00ae Original Cuffed","og_url":"https:\/\/www.teamprofi.de\/ehc-klostersee\/produkt\/ehc-beanie\/","og_site_name":"EHC Klostersee","article_modified_time":"2025-11-12T12:42:12+00:00","og_image":[{"width":947,"height":1024,"url":"https:\/\/www.teamprofi.de\/ehc-klostersee\/wp-content\/uploads\/sites\/21\/2025\/11\/ehc-Muetze_1-947x1024.jpg","type":"image\/jpeg"}],"twitter_card":"summary_large_image","twitter_misc":{"Gesch\u00e4tzte Lesezeit":"1\u00a0Minute"},"schema":{"@context":"https:\/\/schema.org","@graph":[{"@type":"WebPage","@id":"https:\/\/www.teamprofi.de\/ehc-klostersee\/produkt\/ehc-beanie\/","url":"https:\/\/www.teamprofi.de\/ehc-klostersee\/produkt\/ehc-beanie\/","name":"EHC Beanie - EHC Klostersee","isPartOf":{"@id":"https:\/\/www.teamprofi.de\/ehc-klostersee\/#website"},"primaryImageOfPage":{"@id":"https:\/\/www.teamprofi.de\/ehc-klostersee\/produkt\/ehc-beanie\/#primaryimage"},"image":{"@id":"https:\/\/www.teamprofi.de\/ehc-klostersee\/produkt\/ehc-beanie\/#primaryimage"},"thumbnailUrl":"https:\/\/www.teamprofi.de\/ehc-klostersee\/wp-content\/uploads\/sites\/21\/2025\/11\/ehc-Muetze_1.jpg","datePublished":"2025-11-12T12:39:26+00:00","dateModified":"2025-11-12T12:42:12+00:00","breadcrumb":{"@id":"https:\/\/www.teamprofi.de\/ehc-klostersee\/produkt\/ehc-beanie\/#breadcrumb"},"inLanguage":"de","potentialAction":[{"@type":"ReadAction","target":["https:\/\/www.teamprofi.de\/ehc-klostersee\/produkt\/ehc-beanie\/"]}]},{"@type":"ImageObject","inLanguage":"de","@id":"https:\/\/www.teamprofi.de\/ehc-klostersee\/produkt\/ehc-beanie\/#primaryimage","url":"https:\/\/www.teamprofi.de\/ehc-klostersee\/wp-content\/uploads\/sites\/21\/2025\/11\/ehc-Muetze_1.jpg","contentUrl":"https:\/\/www.teamprofi.de\/ehc-klostersee\/wp-content\/uploads\/sites\/21\/2025\/11\/ehc-Muetze_1.jpg","width":1848,"height":1998},{"@type":"BreadcrumbList","@id":"https:\/\/www.teamprofi.de\/ehc-klostersee\/produkt\/ehc-beanie\/#breadcrumb","itemListElement":[{"@type":"ListItem","position":1,"name":"Startseite","item":"https:\/\/www.teamprofi.de\/ehc-klostersee\/"},{"@type":"ListItem","position":2,"name":"Shop","item":"https:\/\/www.teamprofi.de\/ehc-klostersee\/"},{"@type":"ListItem","position":3,"name":"EHC Beanie"}]},{"@type":"WebSite","@id":"https:\/\/www.teamprofi.de\/ehc-klostersee\/#website","url":"https:\/\/www.teamprofi.de\/ehc-klostersee\/","name":"EHC Klostersee","description":"Eine weitere Vereins Shops - Sport G\u00fcrteler Website","potentialAction":[{"@type":"SearchAction","target":{"@type":"EntryPoint","urlTemplate":"https:\/\/www.teamprofi.de\/ehc-klostersee\/?s={search_term_string}"},"query-input":{"@type":"PropertyValueSpecification","valueRequired":true,"valueName":"search_term_string"}}],"inLanguage":"de"}]}},"_links":{"self":[{"href":"https:\/\/www.teamprofi.de\/ehc-klostersee\/wp-json\/wp\/v2\/product\/2123","targetHints":{"allow":["GET"]}}],"collection":[{"href":"https:\/\/www.teamprofi.de\/ehc-klostersee\/wp-json\/wp\/v2\/product"}],"about":[{"href":"https:\/\/www.teamprofi.de\/ehc-klostersee\/wp-json\/wp\/v2\/types\/product"}],"wp:featuredmedia":[{"embeddable":true,"href":"https:\/\/www.teamprofi.de\/ehc-klostersee\/wp-json\/wp\/v2\/media\/2125"}],"wp:attachment":[{"href":"https:\/\/www.teamprofi.de\/ehc-klostersee\/wp-json\/wp\/v2\/media?parent=2123"}],"wp:term":[{"taxonomy":"product_brand","embeddable":true,"href":"https:\/\/www.teamprofi.de\/ehc-klostersee\/wp-json\/wp\/v2\/product_brand?post=2123"},{"taxonomy":"product_cat","embeddable":true,"href":"https:\/\/www.teamprofi.de\/ehc-klostersee\/wp-json\/wp\/v2\/product_cat?post=2123"},{"taxonomy":"product_tag","embeddable":true,"href":"https:\/\/www.teamprofi.de\/ehc-klostersee\/wp-json\/wp\/v2\/product_tag?post=2123"}],"curies":[{"name":"wp","href":"https:\/\/api.w.org\/{rel}","templated":true}]}}