{"id":1103,"date":"2022-07-22T14:28:54","date_gmt":"2022-07-22T12:28:54","guid":{"rendered":"https:\/\/www.teamprofi.de\/ehc-klostersee\/?post_type=product&#038;p=1103"},"modified":"2023-01-04T16:38:15","modified_gmt":"2023-01-04T15:38:15","slug":"jako-coachjacke-team-mit-kapuze","status":"publish","type":"product","link":"https:\/\/www.teamprofi.de\/ehc-klostersee\/produkt\/jako-coachjacke-team-mit-kapuze\/","title":{"rendered":"JAKO Coachjacke Team mit Kapuze"},"content":{"rendered":"<div class=\"itemcard_toggle_boxes\">\n<div class=\"slidecontent_itemcard_wrapper active\">\n<div class=\"hl\">\n<div class=\"itemcard_toggle_boxes\">\n<div class=\"slidecontent_itemcard_wrapper active\">\n<div class=\"hl\"><strong>Beschreibung<\/strong><\/div>\n<div><\/div>\n<div class=\"text\">\n<p><strong>Erf\u00fcllt jegliche Anspr\u00fcche an eine Coachjacke<\/strong><\/p>\n<p>Wasserabweisendes Obermaterial, w\u00e4rmeisolierende Wattierung und weiches Fleece an der Innenseite machen die JAKO Coachjacke Team zur optimalen Ausstattung bei k\u00fchleren Temperaturen. Bei widrigem Wetter kannst Du die im Kragen intergierte Kapuze tragen. Des Weiteren sch\u00fctzen integrierte Ripp-B\u00fcndchen in den \u00c4rmeln, dem Kordelzug und den Stoppern sowie an der Kapuze vor dem Eindringen von Wind und Regen. So garantiert die Jacke optimalen Tragekonform.<\/p>\n<\/div>\n<div><\/div>\n<\/div>\n<\/div>\n<div class=\"slidecontent_itemcard_wrapper active\">\n<div class=\"hl\"><strong>Details<\/strong><\/div>\n<div class=\"text\">\n<ul>\n<li>Weiches Fleece auf der Innenseite<\/li>\n<li>Wasserabweisendes Obermaterial mit PU-Beschichtung<\/li>\n<li>Zippergarage<\/li>\n<li>Seitentaschen mit Rei\u00dfverschluss<\/li>\n<li>Kapuze mit Kordelzug und Stoppern<\/li>\n<li>Ohne Kordeln bei Kindergr\u00f6\u00dfen<\/li>\n<li>W\u00e4rmeisolierende Wattierung<\/li>\n<li>Polyester-Ribstop<\/li>\n<li>Integrierte Rippb\u00fcndchen im \u00c4rmel<\/li>\n<\/ul>\n<\/div>\n<\/div>\n<div class=\"slidecontent_itemcard_wrapper active\">\n<div class=\"hl\"><strong>Material<\/strong><\/div>\n<div class=\"text\">\n<ul>\n<li>100 % Polyester<\/li>\n<li>Innenfutter: 100 % Polyester<\/li>\n<li>1500 mm PU<\/li>\n<li>Wattierung: 100 % Polyester<\/li>\n<\/ul>\n<\/div>\n<\/div>\n<div class=\"attributeIcons\"><img decoding=\"async\" class=\"\" title=\"\" src=\"https:\/\/cdn.jako.de\/userdata\/dcshop\/filter_icon\/614890_tec_konzept_stop_water_2021_70x70px.jpg\" alt=\"Stop Water\" width=\"37px\" height=\"37px\" data-toggle=\"tooltip\" data-original-title=\"Stop Water\" \/><\/div>\n<div class=\"attributeIcons__item marginTop--large\"><img decoding=\"async\" title=\"\" src=\"https:\/\/cdn.jako.de\/userdata\/dcshop\/filter_icon\/170931_wash40.png\" alt=\"40\u00b0 waschen\" width=\"37px\" height=\"37px\" data-toggle=\"tooltip\" data-original-title=\"40\u00b0 waschen\" \/><img decoding=\"async\" class=\"\" title=\"\" src=\"https:\/\/cdn.jako.de\/userdata\/dcshop\/filter_icon\/911081_bleach_not.png\" alt=\"nicht chloren\" width=\"37px\" height=\"37px\" data-toggle=\"tooltip\" data-original-title=\"nicht chloren\" \/><img decoding=\"async\" class=\"\" title=\"\" src=\"https:\/\/cdn.jako.de\/userdata\/dcshop\/filter_icon\/761917_tumble_not.png\" alt=\"nicht im Trockner Trocknen\" width=\"37px\" height=\"37px\" data-toggle=\"tooltip\" data-original-title=\"nicht im Trockner Trocknen\" \/><img decoding=\"async\" class=\"\" title=\"\" src=\"https:\/\/cdn.jako.de\/userdata\/dcshop\/filter_icon\/438269_iron_low.png\" alt=\"b\u00fcgeln niedrige Temperatur\" width=\"37px\" height=\"37px\" data-toggle=\"tooltip\" data-original-title=\"b\u00fcgeln niedrige Temperatur\" \/><img decoding=\"async\" class=\"\" title=\"\" src=\"https:\/\/cdn.jako.de\/userdata\/dcshop\/filter_icon\/591149_clean_not.png\" alt=\"nicht chemisch reinigen\" width=\"37px\" height=\"37px\" data-toggle=\"tooltip\" data-original-title=\"nicht chemisch reinigen\" \/><img decoding=\"async\" class=\"\" title=\"\" src=\"https:\/\/cdn.jako.de\/userdata\/dcshop\/filter_icon\/96631_wsh30.png\" alt=\"30\u00b0 waschen\" width=\"37px\" height=\"37px\" data-toggle=\"tooltip\" data-original-title=\"30\u00b0 waschen\" \/><img decoding=\"async\" class=\"\" title=\"\" src=\"https:\/\/cdn.jako.de\/userdata\/dcshop\/filter_icon\/619961_iron_not.png\" alt=\"nicht b\u00fcgeln\" width=\"37px\" height=\"37px\" data-toggle=\"tooltip\" data-original-title=\"nicht b\u00fcgeln\" \/><\/div>\n<\/div>\n<\/div>\n<\/div>\n<div class=\"attributeIcons__item marginTop--large\"><\/div>\n","protected":false},"excerpt":{"rendered":"<p>Beschreibung Erf\u00fcllt jegliche Anspr\u00fcche an eine Coachjacke Wasserabweisendes Obermaterial, w\u00e4rmeisolierende Wattierung und weiches Fleece an der Innenseite machen die JAKO Coachjacke Team zur optimalen Ausstattung bei k\u00fchleren Temperaturen. Bei widrigem<\/p>\n","protected":false},"featured_media":1119,"template":"","meta":{"inline_featured_image":false,"rs_blank_template":"","rs_page_bg_color":"","slide_template_v7":""},"product_brand":[],"product_cat":[85],"product_tag":[],"class_list":{"0":"post-1103","1":"product","2":"type-product","3":"status-publish","4":"has-post-thumbnail","6":"product_cat-teamsport","8":"first","9":"instock","10":"taxable","11":"shipping-taxable","12":"purchasable","13":"product-type-variable"},"yoast_head":"<!-- This site is optimized with the Yoast SEO plugin v27.3 - https:\/\/yoast.com\/product\/yoast-seo-wordpress\/ -->\n<title>JAKO Coachjacke Team mit Kapuze - EHC Klostersee<\/title>\n<meta name=\"robots\" content=\"index, follow, max-snippet:-1, max-image-preview:large, max-video-preview:-1\" \/>\n<link rel=\"canonical\" href=\"https:\/\/www.teamprofi.de\/ehc-klostersee\/produkt\/jako-coachjacke-team-mit-kapuze\/\" \/>\n<meta property=\"og:locale\" content=\"de_DE\" \/>\n<meta property=\"og:type\" content=\"article\" \/>\n<meta property=\"og:title\" content=\"JAKO Coachjacke Team mit Kapuze - EHC Klostersee\" \/>\n<meta property=\"og:description\" content=\"Beschreibung Erf\u00fcllt jegliche Anspr\u00fcche an eine Coachjacke Wasserabweisendes Obermaterial, w\u00e4rmeisolierende Wattierung und weiches Fleece an der Innenseite machen die JAKO Coachjacke Team zur optimalen Ausstattung bei k\u00fchleren Temperaturen. Bei widrigem\" \/>\n<meta property=\"og:url\" content=\"https:\/\/www.teamprofi.de\/ehc-klostersee\/produkt\/jako-coachjacke-team-mit-kapuze\/\" \/>\n<meta property=\"og:site_name\" content=\"EHC Klostersee\" \/>\n<meta property=\"article:modified_time\" content=\"2023-01-04T15:38:15+00:00\" \/>\n<meta property=\"og:image\" content=\"https:\/\/www.teamprofi.de\/ehc-klostersee\/wp-content\/uploads\/sites\/21\/2022\/07\/7103-100-EHC-1024x1024.jpg\" \/>\n\t<meta property=\"og:image:width\" content=\"1024\" \/>\n\t<meta property=\"og:image:height\" content=\"1024\" \/>\n\t<meta property=\"og:image:type\" content=\"image\/jpeg\" \/>\n<meta name=\"twitter:card\" content=\"summary_large_image\" \/>\n<meta name=\"twitter:label1\" content=\"Gesch\u00e4tzte Lesezeit\" \/>\n\t<meta name=\"twitter:data1\" content=\"1\u00a0Minute\" \/>\n<script type=\"application\/ld+json\" class=\"yoast-schema-graph\">{\"@context\":\"https:\\\/\\\/schema.org\",\"@graph\":[{\"@type\":\"WebPage\",\"@id\":\"https:\\\/\\\/www.teamprofi.de\\\/ehc-klostersee\\\/produkt\\\/jako-coachjacke-team-mit-kapuze\\\/\",\"url\":\"https:\\\/\\\/www.teamprofi.de\\\/ehc-klostersee\\\/produkt\\\/jako-coachjacke-team-mit-kapuze\\\/\",\"name\":\"JAKO Coachjacke Team mit Kapuze - EHC Klostersee\",\"isPartOf\":{\"@id\":\"https:\\\/\\\/www.teamprofi.de\\\/ehc-klostersee\\\/#website\"},\"primaryImageOfPage\":{\"@id\":\"https:\\\/\\\/www.teamprofi.de\\\/ehc-klostersee\\\/produkt\\\/jako-coachjacke-team-mit-kapuze\\\/#primaryimage\"},\"image\":{\"@id\":\"https:\\\/\\\/www.teamprofi.de\\\/ehc-klostersee\\\/produkt\\\/jako-coachjacke-team-mit-kapuze\\\/#primaryimage\"},\"thumbnailUrl\":\"https:\\\/\\\/www.teamprofi.de\\\/ehc-klostersee\\\/wp-content\\\/uploads\\\/sites\\\/21\\\/2022\\\/07\\\/7103-100-EHC.jpg\",\"datePublished\":\"2022-07-22T12:28:54+00:00\",\"dateModified\":\"2023-01-04T15:38:15+00:00\",\"breadcrumb\":{\"@id\":\"https:\\\/\\\/www.teamprofi.de\\\/ehc-klostersee\\\/produkt\\\/jako-coachjacke-team-mit-kapuze\\\/#breadcrumb\"},\"inLanguage\":\"de\",\"potentialAction\":[{\"@type\":\"ReadAction\",\"target\":[\"https:\\\/\\\/www.teamprofi.de\\\/ehc-klostersee\\\/produkt\\\/jako-coachjacke-team-mit-kapuze\\\/\"]}]},{\"@type\":\"ImageObject\",\"inLanguage\":\"de\",\"@id\":\"https:\\\/\\\/www.teamprofi.de\\\/ehc-klostersee\\\/produkt\\\/jako-coachjacke-team-mit-kapuze\\\/#primaryimage\",\"url\":\"https:\\\/\\\/www.teamprofi.de\\\/ehc-klostersee\\\/wp-content\\\/uploads\\\/sites\\\/21\\\/2022\\\/07\\\/7103-100-EHC.jpg\",\"contentUrl\":\"https:\\\/\\\/www.teamprofi.de\\\/ehc-klostersee\\\/wp-content\\\/uploads\\\/sites\\\/21\\\/2022\\\/07\\\/7103-100-EHC.jpg\",\"width\":2717,\"height\":2717},{\"@type\":\"BreadcrumbList\",\"@id\":\"https:\\\/\\\/www.teamprofi.de\\\/ehc-klostersee\\\/produkt\\\/jako-coachjacke-team-mit-kapuze\\\/#breadcrumb\",\"itemListElement\":[{\"@type\":\"ListItem\",\"position\":1,\"name\":\"Startseite\",\"item\":\"https:\\\/\\\/www.teamprofi.de\\\/ehc-klostersee\\\/\"},{\"@type\":\"ListItem\",\"position\":2,\"name\":\"Shop\",\"item\":\"https:\\\/\\\/www.teamprofi.de\\\/ehc-klostersee\\\/\"},{\"@type\":\"ListItem\",\"position\":3,\"name\":\"JAKO Coachjacke Team mit Kapuze\"}]},{\"@type\":\"WebSite\",\"@id\":\"https:\\\/\\\/www.teamprofi.de\\\/ehc-klostersee\\\/#website\",\"url\":\"https:\\\/\\\/www.teamprofi.de\\\/ehc-klostersee\\\/\",\"name\":\"EHC Klostersee\",\"description\":\"Eine weitere Vereins Shops - Sport G\u00fcrteler Website\",\"potentialAction\":[{\"@type\":\"SearchAction\",\"target\":{\"@type\":\"EntryPoint\",\"urlTemplate\":\"https:\\\/\\\/www.teamprofi.de\\\/ehc-klostersee\\\/?s={search_term_string}\"},\"query-input\":{\"@type\":\"PropertyValueSpecification\",\"valueRequired\":true,\"valueName\":\"search_term_string\"}}],\"inLanguage\":\"de\"}]}<\/script>\n<!-- \/ Yoast SEO plugin. -->","yoast_head_json":{"title":"JAKO Coachjacke Team mit Kapuze - EHC Klostersee","robots":{"index":"index","follow":"follow","max-snippet":"max-snippet:-1","max-image-preview":"max-image-preview:large","max-video-preview":"max-video-preview:-1"},"canonical":"https:\/\/www.teamprofi.de\/ehc-klostersee\/produkt\/jako-coachjacke-team-mit-kapuze\/","og_locale":"de_DE","og_type":"article","og_title":"JAKO Coachjacke Team mit Kapuze - EHC Klostersee","og_description":"Beschreibung Erf\u00fcllt jegliche Anspr\u00fcche an eine Coachjacke Wasserabweisendes Obermaterial, w\u00e4rmeisolierende Wattierung und weiches Fleece an der Innenseite machen die JAKO Coachjacke Team zur optimalen Ausstattung bei k\u00fchleren Temperaturen. Bei widrigem","og_url":"https:\/\/www.teamprofi.de\/ehc-klostersee\/produkt\/jako-coachjacke-team-mit-kapuze\/","og_site_name":"EHC Klostersee","article_modified_time":"2023-01-04T15:38:15+00:00","og_image":[{"width":1024,"height":1024,"url":"https:\/\/www.teamprofi.de\/ehc-klostersee\/wp-content\/uploads\/sites\/21\/2022\/07\/7103-100-EHC-1024x1024.jpg","type":"image\/jpeg"}],"twitter_card":"summary_large_image","twitter_misc":{"Gesch\u00e4tzte Lesezeit":"1\u00a0Minute"},"schema":{"@context":"https:\/\/schema.org","@graph":[{"@type":"WebPage","@id":"https:\/\/www.teamprofi.de\/ehc-klostersee\/produkt\/jako-coachjacke-team-mit-kapuze\/","url":"https:\/\/www.teamprofi.de\/ehc-klostersee\/produkt\/jako-coachjacke-team-mit-kapuze\/","name":"JAKO Coachjacke Team mit Kapuze - EHC Klostersee","isPartOf":{"@id":"https:\/\/www.teamprofi.de\/ehc-klostersee\/#website"},"primaryImageOfPage":{"@id":"https:\/\/www.teamprofi.de\/ehc-klostersee\/produkt\/jako-coachjacke-team-mit-kapuze\/#primaryimage"},"image":{"@id":"https:\/\/www.teamprofi.de\/ehc-klostersee\/produkt\/jako-coachjacke-team-mit-kapuze\/#primaryimage"},"thumbnailUrl":"https:\/\/www.teamprofi.de\/ehc-klostersee\/wp-content\/uploads\/sites\/21\/2022\/07\/7103-100-EHC.jpg","datePublished":"2022-07-22T12:28:54+00:00","dateModified":"2023-01-04T15:38:15+00:00","breadcrumb":{"@id":"https:\/\/www.teamprofi.de\/ehc-klostersee\/produkt\/jako-coachjacke-team-mit-kapuze\/#breadcrumb"},"inLanguage":"de","potentialAction":[{"@type":"ReadAction","target":["https:\/\/www.teamprofi.de\/ehc-klostersee\/produkt\/jako-coachjacke-team-mit-kapuze\/"]}]},{"@type":"ImageObject","inLanguage":"de","@id":"https:\/\/www.teamprofi.de\/ehc-klostersee\/produkt\/jako-coachjacke-team-mit-kapuze\/#primaryimage","url":"https:\/\/www.teamprofi.de\/ehc-klostersee\/wp-content\/uploads\/sites\/21\/2022\/07\/7103-100-EHC.jpg","contentUrl":"https:\/\/www.teamprofi.de\/ehc-klostersee\/wp-content\/uploads\/sites\/21\/2022\/07\/7103-100-EHC.jpg","width":2717,"height":2717},{"@type":"BreadcrumbList","@id":"https:\/\/www.teamprofi.de\/ehc-klostersee\/produkt\/jako-coachjacke-team-mit-kapuze\/#breadcrumb","itemListElement":[{"@type":"ListItem","position":1,"name":"Startseite","item":"https:\/\/www.teamprofi.de\/ehc-klostersee\/"},{"@type":"ListItem","position":2,"name":"Shop","item":"https:\/\/www.teamprofi.de\/ehc-klostersee\/"},{"@type":"ListItem","position":3,"name":"JAKO Coachjacke Team mit Kapuze"}]},{"@type":"WebSite","@id":"https:\/\/www.teamprofi.de\/ehc-klostersee\/#website","url":"https:\/\/www.teamprofi.de\/ehc-klostersee\/","name":"EHC Klostersee","description":"Eine weitere Vereins Shops - Sport G\u00fcrteler Website","potentialAction":[{"@type":"SearchAction","target":{"@type":"EntryPoint","urlTemplate":"https:\/\/www.teamprofi.de\/ehc-klostersee\/?s={search_term_string}"},"query-input":{"@type":"PropertyValueSpecification","valueRequired":true,"valueName":"search_term_string"}}],"inLanguage":"de"}]}},"_links":{"self":[{"href":"https:\/\/www.teamprofi.de\/ehc-klostersee\/wp-json\/wp\/v2\/product\/1103","targetHints":{"allow":["GET"]}}],"collection":[{"href":"https:\/\/www.teamprofi.de\/ehc-klostersee\/wp-json\/wp\/v2\/product"}],"about":[{"href":"https:\/\/www.teamprofi.de\/ehc-klostersee\/wp-json\/wp\/v2\/types\/product"}],"wp:featuredmedia":[{"embeddable":true,"href":"https:\/\/www.teamprofi.de\/ehc-klostersee\/wp-json\/wp\/v2\/media\/1119"}],"wp:attachment":[{"href":"https:\/\/www.teamprofi.de\/ehc-klostersee\/wp-json\/wp\/v2\/media?parent=1103"}],"wp:term":[{"taxonomy":"product_brand","embeddable":true,"href":"https:\/\/www.teamprofi.de\/ehc-klostersee\/wp-json\/wp\/v2\/product_brand?post=1103"},{"taxonomy":"product_cat","embeddable":true,"href":"https:\/\/www.teamprofi.de\/ehc-klostersee\/wp-json\/wp\/v2\/product_cat?post=1103"},{"taxonomy":"product_tag","embeddable":true,"href":"https:\/\/www.teamprofi.de\/ehc-klostersee\/wp-json\/wp\/v2\/product_tag?post=1103"}],"curies":[{"name":"wp","href":"https:\/\/api.w.org\/{rel}","templated":true}]}}