{"id":123,"date":"2022-06-24T12:20:31","date_gmt":"2022-06-24T10:20:31","guid":{"rendered":"https:\/\/www.teamprofi.de\/dav-zorneding\/?post_type=product&#038;p=123"},"modified":"2022-06-24T12:20:31","modified_gmt":"2022-06-24T10:20:31","slug":"steppweste-premium","status":"publish","type":"product","link":"https:\/\/www.teamprofi.de\/dav-zorneding\/produkt\/steppweste-premium\/","title":{"rendered":"Steppweste Premium"},"content":{"rendered":"<div class=\"itemcard_toggle_boxes\">\n<div class=\"slidecontent_itemcard_wrapper active\">\n<div class=\"hl\"><strong>Beschreibung<\/strong><\/div>\n<div><\/div>\n<div class=\"text\">Diese Weste ist der perfekte Begleiter f\u00fcr den Fr\u00fchling, Herbst oder milde Tage im Winter. Kombiniert mit einem coolen Pulli oder dem passenden T-Shirt machst Du mit ihr um deinen Oberk\u00f6rper immer eine gute Figur. Die Steppweste PREMIUM besteht aus einer w\u00e4rmeisolierenden Wattierung an Brust und R\u00fccken. Der Seitenbereich ist aus hochelastischem Material gefertigt. Der Stoff aus Nylon &#8211; Tafetta, und die Wattierung aus Polyester halten dich auch bei widrigsten Witterungsbedingungen angenehm warm. Perfekten Fit garantieren die Jacken- und Armlochabschl\u00fcsse mit elastischen Bindings. Der durchgehende Frontrei\u00dfverschluss erm\u00f6glicht ein simples An- und Ausziehen, er ist dar\u00fcber hinaus mit einer Zippergarage ausgestattet. In den praktischen Taschen mit Rei\u00dfverschluss lassen sich Alltagsgegenst\u00e4nde aufbewahren.<\/div>\n<div><\/div>\n<\/div>\n<\/div>\n<div class=\"slidecontent_itemcard_wrapper active\">\n<div class=\"hl\"><strong>Details<\/strong><\/div>\n<div class=\"text\">\n<ul>\n<li>Durchgehender Frontrei\u00dfverschluss<\/li>\n<li>W\u00e4rmeisolierende Wattierung an Brust und R\u00fccken<\/li>\n<li>Details in Kontrastfarbe<\/li>\n<li>Zippergarage<\/li>\n<li>Seitenbereich mit hochelastischem Funktionsmaterial<\/li>\n<li>Seitentaschen mit Rei\u00dfverschluss<\/li>\n<li>Armloch- und Jackenabschluss mit elastischer Binding<\/li>\n<\/ul>\n<\/div>\n<\/div>\n<div class=\"slidecontent_itemcard_wrapper active\">\n<div class=\"hl\"><strong>Material<\/strong><\/div>\n<div class=\"text\">\n<ul>\n<li>Oberstoff: 100 % Nylon<\/li>\n<li>Wattierung: 100 % Polyester<\/li>\n<li>Seiteneins\u00e4tze: 90 % Polyester, 10 % Elasthan<\/li>\n<\/ul>\n<\/div>\n<\/div>\n<div class=\"attributeIcons\"><img decoding=\"async\" class=\"\" title=\"\" src=\"https:\/\/cdn.jako.de\/userdata\/dcshop\/filter_icon\/231923_wash30_p.png\" alt=\"30\u00b0 pflegeleicht waschen\" width=\"37px\" height=\"37px\" data-toggle=\"tooltip\" data-original-title=\"30\u00b0 pflegeleicht waschen\" \/><img decoding=\"async\" class=\"\" title=\"\" src=\"https:\/\/cdn.jako.de\/userdata\/dcshop\/filter_icon\/911081_bleach_not.png\" alt=\"nicht chloren\" width=\"37px\" height=\"37px\" data-toggle=\"tooltip\" data-original-title=\"nicht chloren\" \/><img decoding=\"async\" class=\"\" title=\"\" src=\"https:\/\/cdn.jako.de\/userdata\/dcshop\/filter_icon\/848187_tumble_low.png\" alt=\"trocknen niedrige Temperatur\" width=\"37px\" height=\"37px\" data-toggle=\"tooltip\" data-original-title=\"trocknen niedrige Temperatur\" \/><img decoding=\"async\" class=\"\" title=\"\" src=\"https:\/\/cdn.jako.de\/userdata\/dcshop\/filter_icon\/619961_iron_not.png\" alt=\"nicht b\u00fcgeln\" width=\"37px\" height=\"37px\" data-toggle=\"tooltip\" data-original-title=\"nicht b\u00fcgeln\" \/><img decoding=\"async\" class=\"\" title=\"\" src=\"https:\/\/cdn.jako.de\/userdata\/dcshop\/filter_icon\/591149_clean_not.png\" alt=\"nicht chemisch reinigen\" width=\"37px\" height=\"37px\" data-toggle=\"tooltip\" data-original-title=\"nicht chemisch reinigen\" \/><\/div>\n","protected":false},"excerpt":{"rendered":"<p>Beschreibung Diese Weste ist der perfekte Begleiter f\u00fcr den Fr\u00fchling, Herbst oder milde Tage im Winter. Kombiniert mit einem coolen Pulli oder dem passenden T-Shirt machst Du mit ihr um<\/p>\n","protected":false},"featured_media":65,"template":"","meta":{"inline_featured_image":false},"product_brand":[],"product_cat":[138],"product_tag":[],"class_list":{"0":"post-123","1":"product","2":"type-product","3":"status-publish","4":"has-post-thumbnail","6":"product_cat-textil","8":"first","9":"instock","10":"taxable","11":"shipping-taxable","12":"purchasable","13":"product-type-variable"},"yoast_head":"<!-- This site is optimized with the Yoast SEO plugin v27.3 - https:\/\/yoast.com\/product\/yoast-seo-wordpress\/ -->\n<title>Steppweste Premium - DAV Sektion Zorneding<\/title>\n<meta name=\"robots\" content=\"index, follow, max-snippet:-1, max-image-preview:large, max-video-preview:-1\" \/>\n<link rel=\"canonical\" href=\"https:\/\/www.teamprofi.de\/dav-zorneding\/produkt\/steppweste-premium\/\" \/>\n<meta property=\"og:locale\" content=\"de_DE\" \/>\n<meta property=\"og:type\" content=\"article\" \/>\n<meta property=\"og:title\" content=\"Steppweste Premium - DAV Sektion Zorneding\" \/>\n<meta property=\"og:description\" content=\"Beschreibung Diese Weste ist der perfekte Begleiter f\u00fcr den Fr\u00fchling, Herbst oder milde Tage im Winter. Kombiniert mit einem coolen Pulli oder dem passenden T-Shirt machst Du mit ihr um\" \/>\n<meta property=\"og:url\" content=\"https:\/\/www.teamprofi.de\/dav-zorneding\/produkt\/steppweste-premium\/\" \/>\n<meta property=\"og:site_name\" content=\"DAV Sektion Zorneding\" \/>\n<meta property=\"og:image\" content=\"https:\/\/www.teamprofi.de\/dav-zorneding\/wp-content\/uploads\/sites\/31\/2022\/06\/7005-1024x1024.jpg\" \/>\n\t<meta property=\"og:image:width\" content=\"1024\" \/>\n\t<meta property=\"og:image:height\" content=\"1024\" \/>\n\t<meta property=\"og:image:type\" content=\"image\/jpeg\" \/>\n<meta name=\"twitter:card\" content=\"summary_large_image\" \/>\n<meta name=\"twitter:label1\" content=\"Gesch\u00e4tzte Lesezeit\" \/>\n\t<meta name=\"twitter:data1\" content=\"1\u00a0Minute\" \/>\n<script type=\"application\/ld+json\" class=\"yoast-schema-graph\">{\"@context\":\"https:\\\/\\\/schema.org\",\"@graph\":[{\"@type\":\"WebPage\",\"@id\":\"https:\\\/\\\/www.teamprofi.de\\\/dav-zorneding\\\/produkt\\\/steppweste-premium\\\/\",\"url\":\"https:\\\/\\\/www.teamprofi.de\\\/dav-zorneding\\\/produkt\\\/steppweste-premium\\\/\",\"name\":\"Steppweste Premium - DAV Sektion Zorneding\",\"isPartOf\":{\"@id\":\"https:\\\/\\\/www.teamprofi.de\\\/dav-zorneding\\\/#website\"},\"primaryImageOfPage\":{\"@id\":\"https:\\\/\\\/www.teamprofi.de\\\/dav-zorneding\\\/produkt\\\/steppweste-premium\\\/#primaryimage\"},\"image\":{\"@id\":\"https:\\\/\\\/www.teamprofi.de\\\/dav-zorneding\\\/produkt\\\/steppweste-premium\\\/#primaryimage\"},\"thumbnailUrl\":\"https:\\\/\\\/www.teamprofi.de\\\/dav-zorneding\\\/wp-content\\\/uploads\\\/sites\\\/31\\\/2022\\\/06\\\/7005.jpg\",\"datePublished\":\"2022-06-24T10:20:31+00:00\",\"breadcrumb\":{\"@id\":\"https:\\\/\\\/www.teamprofi.de\\\/dav-zorneding\\\/produkt\\\/steppweste-premium\\\/#breadcrumb\"},\"inLanguage\":\"de\",\"potentialAction\":[{\"@type\":\"ReadAction\",\"target\":[\"https:\\\/\\\/www.teamprofi.de\\\/dav-zorneding\\\/produkt\\\/steppweste-premium\\\/\"]}]},{\"@type\":\"ImageObject\",\"inLanguage\":\"de\",\"@id\":\"https:\\\/\\\/www.teamprofi.de\\\/dav-zorneding\\\/produkt\\\/steppweste-premium\\\/#primaryimage\",\"url\":\"https:\\\/\\\/www.teamprofi.de\\\/dav-zorneding\\\/wp-content\\\/uploads\\\/sites\\\/31\\\/2022\\\/06\\\/7005.jpg\",\"contentUrl\":\"https:\\\/\\\/www.teamprofi.de\\\/dav-zorneding\\\/wp-content\\\/uploads\\\/sites\\\/31\\\/2022\\\/06\\\/7005.jpg\",\"width\":2835,\"height\":2835},{\"@type\":\"BreadcrumbList\",\"@id\":\"https:\\\/\\\/www.teamprofi.de\\\/dav-zorneding\\\/produkt\\\/steppweste-premium\\\/#breadcrumb\",\"itemListElement\":[{\"@type\":\"ListItem\",\"position\":1,\"name\":\"Startseite\",\"item\":\"https:\\\/\\\/www.teamprofi.de\\\/dav-zorneding\\\/\"},{\"@type\":\"ListItem\",\"position\":2,\"name\":\"Shop\",\"item\":\"https:\\\/\\\/www.teamprofi.de\\\/dav-zorneding\\\/\"},{\"@type\":\"ListItem\",\"position\":3,\"name\":\"Steppweste Premium\"}]},{\"@type\":\"WebSite\",\"@id\":\"https:\\\/\\\/www.teamprofi.de\\\/dav-zorneding\\\/#website\",\"url\":\"https:\\\/\\\/www.teamprofi.de\\\/dav-zorneding\\\/\",\"name\":\"DAV Sektion Zorneding\",\"description\":\"Eine weitere Vereins Shops - Sport G\u00fcrteler Website\",\"potentialAction\":[{\"@type\":\"SearchAction\",\"target\":{\"@type\":\"EntryPoint\",\"urlTemplate\":\"https:\\\/\\\/www.teamprofi.de\\\/dav-zorneding\\\/?s={search_term_string}\"},\"query-input\":{\"@type\":\"PropertyValueSpecification\",\"valueRequired\":true,\"valueName\":\"search_term_string\"}}],\"inLanguage\":\"de\"}]}<\/script>\n<!-- \/ Yoast SEO plugin. -->","yoast_head_json":{"title":"Steppweste Premium - DAV Sektion Zorneding","robots":{"index":"index","follow":"follow","max-snippet":"max-snippet:-1","max-image-preview":"max-image-preview:large","max-video-preview":"max-video-preview:-1"},"canonical":"https:\/\/www.teamprofi.de\/dav-zorneding\/produkt\/steppweste-premium\/","og_locale":"de_DE","og_type":"article","og_title":"Steppweste Premium - DAV Sektion Zorneding","og_description":"Beschreibung Diese Weste ist der perfekte Begleiter f\u00fcr den Fr\u00fchling, Herbst oder milde Tage im Winter. Kombiniert mit einem coolen Pulli oder dem passenden T-Shirt machst Du mit ihr um","og_url":"https:\/\/www.teamprofi.de\/dav-zorneding\/produkt\/steppweste-premium\/","og_site_name":"DAV Sektion Zorneding","og_image":[{"width":1024,"height":1024,"url":"https:\/\/www.teamprofi.de\/dav-zorneding\/wp-content\/uploads\/sites\/31\/2022\/06\/7005-1024x1024.jpg","type":"image\/jpeg"}],"twitter_card":"summary_large_image","twitter_misc":{"Gesch\u00e4tzte Lesezeit":"1\u00a0Minute"},"schema":{"@context":"https:\/\/schema.org","@graph":[{"@type":"WebPage","@id":"https:\/\/www.teamprofi.de\/dav-zorneding\/produkt\/steppweste-premium\/","url":"https:\/\/www.teamprofi.de\/dav-zorneding\/produkt\/steppweste-premium\/","name":"Steppweste Premium - DAV Sektion Zorneding","isPartOf":{"@id":"https:\/\/www.teamprofi.de\/dav-zorneding\/#website"},"primaryImageOfPage":{"@id":"https:\/\/www.teamprofi.de\/dav-zorneding\/produkt\/steppweste-premium\/#primaryimage"},"image":{"@id":"https:\/\/www.teamprofi.de\/dav-zorneding\/produkt\/steppweste-premium\/#primaryimage"},"thumbnailUrl":"https:\/\/www.teamprofi.de\/dav-zorneding\/wp-content\/uploads\/sites\/31\/2022\/06\/7005.jpg","datePublished":"2022-06-24T10:20:31+00:00","breadcrumb":{"@id":"https:\/\/www.teamprofi.de\/dav-zorneding\/produkt\/steppweste-premium\/#breadcrumb"},"inLanguage":"de","potentialAction":[{"@type":"ReadAction","target":["https:\/\/www.teamprofi.de\/dav-zorneding\/produkt\/steppweste-premium\/"]}]},{"@type":"ImageObject","inLanguage":"de","@id":"https:\/\/www.teamprofi.de\/dav-zorneding\/produkt\/steppweste-premium\/#primaryimage","url":"https:\/\/www.teamprofi.de\/dav-zorneding\/wp-content\/uploads\/sites\/31\/2022\/06\/7005.jpg","contentUrl":"https:\/\/www.teamprofi.de\/dav-zorneding\/wp-content\/uploads\/sites\/31\/2022\/06\/7005.jpg","width":2835,"height":2835},{"@type":"BreadcrumbList","@id":"https:\/\/www.teamprofi.de\/dav-zorneding\/produkt\/steppweste-premium\/#breadcrumb","itemListElement":[{"@type":"ListItem","position":1,"name":"Startseite","item":"https:\/\/www.teamprofi.de\/dav-zorneding\/"},{"@type":"ListItem","position":2,"name":"Shop","item":"https:\/\/www.teamprofi.de\/dav-zorneding\/"},{"@type":"ListItem","position":3,"name":"Steppweste Premium"}]},{"@type":"WebSite","@id":"https:\/\/www.teamprofi.de\/dav-zorneding\/#website","url":"https:\/\/www.teamprofi.de\/dav-zorneding\/","name":"DAV Sektion Zorneding","description":"Eine weitere Vereins Shops - Sport G\u00fcrteler Website","potentialAction":[{"@type":"SearchAction","target":{"@type":"EntryPoint","urlTemplate":"https:\/\/www.teamprofi.de\/dav-zorneding\/?s={search_term_string}"},"query-input":{"@type":"PropertyValueSpecification","valueRequired":true,"valueName":"search_term_string"}}],"inLanguage":"de"}]}},"_links":{"self":[{"href":"https:\/\/www.teamprofi.de\/dav-zorneding\/wp-json\/wp\/v2\/product\/123","targetHints":{"allow":["GET"]}}],"collection":[{"href":"https:\/\/www.teamprofi.de\/dav-zorneding\/wp-json\/wp\/v2\/product"}],"about":[{"href":"https:\/\/www.teamprofi.de\/dav-zorneding\/wp-json\/wp\/v2\/types\/product"}],"wp:featuredmedia":[{"embeddable":true,"href":"https:\/\/www.teamprofi.de\/dav-zorneding\/wp-json\/wp\/v2\/media\/65"}],"wp:attachment":[{"href":"https:\/\/www.teamprofi.de\/dav-zorneding\/wp-json\/wp\/v2\/media?parent=123"}],"wp:term":[{"taxonomy":"product_brand","embeddable":true,"href":"https:\/\/www.teamprofi.de\/dav-zorneding\/wp-json\/wp\/v2\/product_brand?post=123"},{"taxonomy":"product_cat","embeddable":true,"href":"https:\/\/www.teamprofi.de\/dav-zorneding\/wp-json\/wp\/v2\/product_cat?post=123"},{"taxonomy":"product_tag","embeddable":true,"href":"https:\/\/www.teamprofi.de\/dav-zorneding\/wp-json\/wp\/v2\/product_tag?post=123"}],"curies":[{"name":"wp","href":"https:\/\/api.w.org\/{rel}","templated":true}]}}