{"id":102,"date":"2022-06-24T11:52:14","date_gmt":"2022-06-24T09:52:14","guid":{"rendered":"https:\/\/www.teamprofi.de\/dav-zorneding\/?post_type=product&#038;p=102"},"modified":"2022-06-24T11:52:15","modified_gmt":"2022-06-24T09:52:15","slug":"t-shirt-organic-stretch","status":"publish","type":"product","link":"https:\/\/www.teamprofi.de\/dav-zorneding\/produkt\/t-shirt-organic-stretch\/","title":{"rendered":"T-Shirt Organic Stretch"},"content":{"rendered":"<div class=\"itemcard_toggle_boxes\">\n<div class=\"slidecontent_itemcard_wrapper active\">\n<div class=\"hl\"><strong>Beschreibung<\/strong><\/div>\n<div class=\"text\">\nDurch den Materialmix von 95 % gek\u00e4mmter, ringgesponnener Bio-Baumwolle und 5 % Elasthan bietet das T-Shirt Organic Stretch einen hervorragenden Tragekomfort und eignet sich somit ideal f\u00fcr Berufsbekleidung. Durch verst\u00e4rkte Schultern\u00e4hte, eine hochwertige Verarbeitung und Farbstoffe ist das Shirt der Corporate Teamwear auch nach mehreren W\u00e4schen formstabil und farbecht. Wie alle unsere Organic Artikel ist auch das T-Shirt Organic Stretch bei 60\u00b0 C waschbar und einlaufvorbehandelt. Es hat einen Rundhalsausschnitt mit Rippkragen f\u00fcr Damen und Herren. F\u00fcr vielf\u00e4ltige Veredelungsm\u00f6glichkeiten der Berufskleidung mit dem passenden Firmenlogo ist das JAKO Branding dezent gehalten. Das JAKO Flaglabel befindet sich an der linken Seitennaht und das JAKO Gr\u00f6\u00dfenlabel im Nacken.<\/div>\n<div><\/div>\n<\/div>\n<\/div>\n<div class=\"slidecontent_itemcard_wrapper active\">\n<div class=\"hl\"><strong>Details<\/strong><\/div>\n<div class=\"text\">\n<ul>\n<li>Verst\u00e4rkte Schultern\u00e4hte<\/li>\n<li>Baumwolle aus kontrolliert biologischem Anbau<\/li>\n<li>Rundhals-Rippkragen<\/li>\n<li>JAKO Gr\u00f6\u00dfenlabel im Nacken<\/li>\n<li>60 \u00b0C waschbar<\/li>\n<li>Single-Jersey<\/li>\n<li>Feminin geschnittener Rundhalsausschnitt<\/li>\n<li>Einlaufvorbehandelt<\/li>\n<li>JAKO Flaglabel an der linken Seitennaht<\/li>\n<\/ul>\n<\/div>\n<\/div>\n<div class=\"slidecontent_itemcard_wrapper active\">\n<div class=\"hl\"><strong>Material<\/strong><\/div>\n<div class=\"text\">\n<ul>\n<li>170 g\/m\u00b2<\/li>\n<li>95 % Baumwolle (Bio), 5 % Elasthan<\/li>\n<\/ul>\n<\/div>\n<\/div>\n<div class=\"attributeIcons\"><img decoding=\"async\" title=\"\" src=\"https:\/\/cdn.jako.de\/userdata\/dcshop\/filter_icon\/230586_fair_logo_halb_70x70px.jpg\" alt=\"Mindestens 50 % der eingesetzten Materialien bestehen aus Bio-Baumwolle\" width=\"37px\" height=\"37px\" data-toggle=\"tooltip\" data-original-title=\"Mindestens 50 % der eingesetzten Materialien bestehen aus Bio-Baumwolle\" \/><\/div>\n<div class=\"attributeIcons__item marginTop--large\"><img decoding=\"async\" title=\"\" src=\"https:\/\/cdn.jako.de\/userdata\/dcshop\/filter_icon\/708102_wash60.png\" alt=\"60\u00b0 waschen\" width=\"37px\" height=\"37px\" data-toggle=\"tooltip\" data-original-title=\"60\u00b0 waschen\" \/><img decoding=\"async\" class=\"\" title=\"\" src=\"https:\/\/cdn.jako.de\/userdata\/dcshop\/filter_icon\/911081_bleach_not.png\" alt=\"nicht chloren\" width=\"37px\" height=\"37px\" data-toggle=\"tooltip\" data-original-title=\"nicht chloren\" \/><img decoding=\"async\" class=\"\" title=\"\" src=\"https:\/\/cdn.jako.de\/userdata\/dcshop\/filter_icon\/848187_tumble_low.png\" alt=\"trocknen niedrige Temperatur\" width=\"37px\" height=\"37px\" data-toggle=\"tooltip\" data-original-title=\"trocknen niedrige Temperatur\" \/><img decoding=\"async\" class=\"\" title=\"\" src=\"https:\/\/cdn.jako.de\/userdata\/dcshop\/filter_icon\/798005_iron_mid.png\" alt=\"b\u00fcgeln mittlere Temperatur\" width=\"37px\" height=\"37px\" data-toggle=\"tooltip\" data-original-title=\"b\u00fcgeln mittlere Temperatur\" \/><img decoding=\"async\" class=\"\" title=\"\" src=\"https:\/\/cdn.jako.de\/userdata\/dcshop\/filter_icon\/591149_clean_not.png\" alt=\"nicht chemisch reinigen\" width=\"37px\" height=\"37px\" data-toggle=\"tooltip\" data-original-title=\"nicht chemisch reinigen\" \/><\/div>\n","protected":false},"excerpt":{"rendered":"<p>Beschreibung Durch den Materialmix von 95 % gek\u00e4mmter, ringgesponnener Bio-Baumwolle und 5 % Elasthan bietet das T-Shirt Organic Stretch einen hervorragenden Tragekomfort und eignet sich somit ideal f\u00fcr Berufsbekleidung. Durch<\/p>\n","protected":false},"featured_media":68,"template":"","meta":{"inline_featured_image":false},"product_brand":[],"product_cat":[138],"product_tag":[],"class_list":{"0":"post-102","1":"product","2":"type-product","3":"status-publish","4":"has-post-thumbnail","6":"product_cat-textil","8":"first","9":"instock","10":"taxable","11":"shipping-taxable","12":"purchasable","13":"product-type-variable"},"yoast_head":"<!-- This site is optimized with the Yoast SEO plugin v27.3 - https:\/\/yoast.com\/product\/yoast-seo-wordpress\/ -->\n<title>T-Shirt Organic Stretch - DAV Sektion Zorneding<\/title>\n<meta name=\"robots\" content=\"index, follow, max-snippet:-1, max-image-preview:large, max-video-preview:-1\" \/>\n<link rel=\"canonical\" href=\"https:\/\/www.teamprofi.de\/dav-zorneding\/produkt\/t-shirt-organic-stretch\/\" \/>\n<meta property=\"og:locale\" content=\"de_DE\" \/>\n<meta property=\"og:type\" content=\"article\" \/>\n<meta property=\"og:title\" content=\"T-Shirt Organic Stretch - DAV Sektion Zorneding\" \/>\n<meta property=\"og:description\" content=\"Beschreibung Durch den Materialmix von 95 % gek\u00e4mmter, ringgesponnener Bio-Baumwolle und 5 % Elasthan bietet das T-Shirt Organic Stretch einen hervorragenden Tragekomfort und eignet sich somit ideal f\u00fcr Berufsbekleidung. Durch\" \/>\n<meta property=\"og:url\" content=\"https:\/\/www.teamprofi.de\/dav-zorneding\/produkt\/t-shirt-organic-stretch\/\" \/>\n<meta property=\"og:site_name\" content=\"DAV Sektion Zorneding\" \/>\n<meta property=\"article:modified_time\" content=\"2022-06-24T09:52:15+00:00\" \/>\n<meta property=\"og:image\" content=\"https:\/\/www.teamprofi.de\/dav-zorneding\/wp-content\/uploads\/sites\/31\/2022\/06\/c6121-1024x1024.jpg\" \/>\n\t<meta property=\"og:image:width\" content=\"1024\" \/>\n\t<meta property=\"og:image:height\" content=\"1024\" \/>\n\t<meta property=\"og:image:type\" content=\"image\/jpeg\" \/>\n<meta name=\"twitter:card\" content=\"summary_large_image\" \/>\n<meta name=\"twitter:label1\" content=\"Gesch\u00e4tzte Lesezeit\" \/>\n\t<meta name=\"twitter:data1\" content=\"1\u00a0Minute\" \/>\n<script type=\"application\/ld+json\" class=\"yoast-schema-graph\">{\"@context\":\"https:\\\/\\\/schema.org\",\"@graph\":[{\"@type\":\"WebPage\",\"@id\":\"https:\\\/\\\/www.teamprofi.de\\\/dav-zorneding\\\/produkt\\\/t-shirt-organic-stretch\\\/\",\"url\":\"https:\\\/\\\/www.teamprofi.de\\\/dav-zorneding\\\/produkt\\\/t-shirt-organic-stretch\\\/\",\"name\":\"T-Shirt Organic Stretch - DAV Sektion Zorneding\",\"isPartOf\":{\"@id\":\"https:\\\/\\\/www.teamprofi.de\\\/dav-zorneding\\\/#website\"},\"primaryImageOfPage\":{\"@id\":\"https:\\\/\\\/www.teamprofi.de\\\/dav-zorneding\\\/produkt\\\/t-shirt-organic-stretch\\\/#primaryimage\"},\"image\":{\"@id\":\"https:\\\/\\\/www.teamprofi.de\\\/dav-zorneding\\\/produkt\\\/t-shirt-organic-stretch\\\/#primaryimage\"},\"thumbnailUrl\":\"https:\\\/\\\/www.teamprofi.de\\\/dav-zorneding\\\/wp-content\\\/uploads\\\/sites\\\/31\\\/2022\\\/06\\\/c6121.jpg\",\"datePublished\":\"2022-06-24T09:52:14+00:00\",\"dateModified\":\"2022-06-24T09:52:15+00:00\",\"breadcrumb\":{\"@id\":\"https:\\\/\\\/www.teamprofi.de\\\/dav-zorneding\\\/produkt\\\/t-shirt-organic-stretch\\\/#breadcrumb\"},\"inLanguage\":\"de\",\"potentialAction\":[{\"@type\":\"ReadAction\",\"target\":[\"https:\\\/\\\/www.teamprofi.de\\\/dav-zorneding\\\/produkt\\\/t-shirt-organic-stretch\\\/\"]}]},{\"@type\":\"ImageObject\",\"inLanguage\":\"de\",\"@id\":\"https:\\\/\\\/www.teamprofi.de\\\/dav-zorneding\\\/produkt\\\/t-shirt-organic-stretch\\\/#primaryimage\",\"url\":\"https:\\\/\\\/www.teamprofi.de\\\/dav-zorneding\\\/wp-content\\\/uploads\\\/sites\\\/31\\\/2022\\\/06\\\/c6121.jpg\",\"contentUrl\":\"https:\\\/\\\/www.teamprofi.de\\\/dav-zorneding\\\/wp-content\\\/uploads\\\/sites\\\/31\\\/2022\\\/06\\\/c6121.jpg\",\"width\":2834,\"height\":2835},{\"@type\":\"BreadcrumbList\",\"@id\":\"https:\\\/\\\/www.teamprofi.de\\\/dav-zorneding\\\/produkt\\\/t-shirt-organic-stretch\\\/#breadcrumb\",\"itemListElement\":[{\"@type\":\"ListItem\",\"position\":1,\"name\":\"Startseite\",\"item\":\"https:\\\/\\\/www.teamprofi.de\\\/dav-zorneding\\\/\"},{\"@type\":\"ListItem\",\"position\":2,\"name\":\"Shop\",\"item\":\"https:\\\/\\\/www.teamprofi.de\\\/dav-zorneding\\\/\"},{\"@type\":\"ListItem\",\"position\":3,\"name\":\"T-Shirt Organic Stretch\"}]},{\"@type\":\"WebSite\",\"@id\":\"https:\\\/\\\/www.teamprofi.de\\\/dav-zorneding\\\/#website\",\"url\":\"https:\\\/\\\/www.teamprofi.de\\\/dav-zorneding\\\/\",\"name\":\"DAV Sektion Zorneding\",\"description\":\"Eine weitere Vereins Shops - Sport G\u00fcrteler Website\",\"potentialAction\":[{\"@type\":\"SearchAction\",\"target\":{\"@type\":\"EntryPoint\",\"urlTemplate\":\"https:\\\/\\\/www.teamprofi.de\\\/dav-zorneding\\\/?s={search_term_string}\"},\"query-input\":{\"@type\":\"PropertyValueSpecification\",\"valueRequired\":true,\"valueName\":\"search_term_string\"}}],\"inLanguage\":\"de\"}]}<\/script>\n<!-- \/ Yoast SEO plugin. -->","yoast_head_json":{"title":"T-Shirt Organic Stretch - DAV Sektion Zorneding","robots":{"index":"index","follow":"follow","max-snippet":"max-snippet:-1","max-image-preview":"max-image-preview:large","max-video-preview":"max-video-preview:-1"},"canonical":"https:\/\/www.teamprofi.de\/dav-zorneding\/produkt\/t-shirt-organic-stretch\/","og_locale":"de_DE","og_type":"article","og_title":"T-Shirt Organic Stretch - DAV Sektion Zorneding","og_description":"Beschreibung Durch den Materialmix von 95 % gek\u00e4mmter, ringgesponnener Bio-Baumwolle und 5 % Elasthan bietet das T-Shirt Organic Stretch einen hervorragenden Tragekomfort und eignet sich somit ideal f\u00fcr Berufsbekleidung. Durch","og_url":"https:\/\/www.teamprofi.de\/dav-zorneding\/produkt\/t-shirt-organic-stretch\/","og_site_name":"DAV Sektion Zorneding","article_modified_time":"2022-06-24T09:52:15+00:00","og_image":[{"width":1024,"height":1024,"url":"https:\/\/www.teamprofi.de\/dav-zorneding\/wp-content\/uploads\/sites\/31\/2022\/06\/c6121-1024x1024.jpg","type":"image\/jpeg"}],"twitter_card":"summary_large_image","twitter_misc":{"Gesch\u00e4tzte Lesezeit":"1\u00a0Minute"},"schema":{"@context":"https:\/\/schema.org","@graph":[{"@type":"WebPage","@id":"https:\/\/www.teamprofi.de\/dav-zorneding\/produkt\/t-shirt-organic-stretch\/","url":"https:\/\/www.teamprofi.de\/dav-zorneding\/produkt\/t-shirt-organic-stretch\/","name":"T-Shirt Organic Stretch - DAV Sektion Zorneding","isPartOf":{"@id":"https:\/\/www.teamprofi.de\/dav-zorneding\/#website"},"primaryImageOfPage":{"@id":"https:\/\/www.teamprofi.de\/dav-zorneding\/produkt\/t-shirt-organic-stretch\/#primaryimage"},"image":{"@id":"https:\/\/www.teamprofi.de\/dav-zorneding\/produkt\/t-shirt-organic-stretch\/#primaryimage"},"thumbnailUrl":"https:\/\/www.teamprofi.de\/dav-zorneding\/wp-content\/uploads\/sites\/31\/2022\/06\/c6121.jpg","datePublished":"2022-06-24T09:52:14+00:00","dateModified":"2022-06-24T09:52:15+00:00","breadcrumb":{"@id":"https:\/\/www.teamprofi.de\/dav-zorneding\/produkt\/t-shirt-organic-stretch\/#breadcrumb"},"inLanguage":"de","potentialAction":[{"@type":"ReadAction","target":["https:\/\/www.teamprofi.de\/dav-zorneding\/produkt\/t-shirt-organic-stretch\/"]}]},{"@type":"ImageObject","inLanguage":"de","@id":"https:\/\/www.teamprofi.de\/dav-zorneding\/produkt\/t-shirt-organic-stretch\/#primaryimage","url":"https:\/\/www.teamprofi.de\/dav-zorneding\/wp-content\/uploads\/sites\/31\/2022\/06\/c6121.jpg","contentUrl":"https:\/\/www.teamprofi.de\/dav-zorneding\/wp-content\/uploads\/sites\/31\/2022\/06\/c6121.jpg","width":2834,"height":2835},{"@type":"BreadcrumbList","@id":"https:\/\/www.teamprofi.de\/dav-zorneding\/produkt\/t-shirt-organic-stretch\/#breadcrumb","itemListElement":[{"@type":"ListItem","position":1,"name":"Startseite","item":"https:\/\/www.teamprofi.de\/dav-zorneding\/"},{"@type":"ListItem","position":2,"name":"Shop","item":"https:\/\/www.teamprofi.de\/dav-zorneding\/"},{"@type":"ListItem","position":3,"name":"T-Shirt Organic Stretch"}]},{"@type":"WebSite","@id":"https:\/\/www.teamprofi.de\/dav-zorneding\/#website","url":"https:\/\/www.teamprofi.de\/dav-zorneding\/","name":"DAV Sektion Zorneding","description":"Eine weitere Vereins Shops - Sport G\u00fcrteler Website","potentialAction":[{"@type":"SearchAction","target":{"@type":"EntryPoint","urlTemplate":"https:\/\/www.teamprofi.de\/dav-zorneding\/?s={search_term_string}"},"query-input":{"@type":"PropertyValueSpecification","valueRequired":true,"valueName":"search_term_string"}}],"inLanguage":"de"}]}},"_links":{"self":[{"href":"https:\/\/www.teamprofi.de\/dav-zorneding\/wp-json\/wp\/v2\/product\/102","targetHints":{"allow":["GET"]}}],"collection":[{"href":"https:\/\/www.teamprofi.de\/dav-zorneding\/wp-json\/wp\/v2\/product"}],"about":[{"href":"https:\/\/www.teamprofi.de\/dav-zorneding\/wp-json\/wp\/v2\/types\/product"}],"wp:featuredmedia":[{"embeddable":true,"href":"https:\/\/www.teamprofi.de\/dav-zorneding\/wp-json\/wp\/v2\/media\/68"}],"wp:attachment":[{"href":"https:\/\/www.teamprofi.de\/dav-zorneding\/wp-json\/wp\/v2\/media?parent=102"}],"wp:term":[{"taxonomy":"product_brand","embeddable":true,"href":"https:\/\/www.teamprofi.de\/dav-zorneding\/wp-json\/wp\/v2\/product_brand?post=102"},{"taxonomy":"product_cat","embeddable":true,"href":"https:\/\/www.teamprofi.de\/dav-zorneding\/wp-json\/wp\/v2\/product_cat?post=102"},{"taxonomy":"product_tag","embeddable":true,"href":"https:\/\/www.teamprofi.de\/dav-zorneding\/wp-json\/wp\/v2\/product_tag?post=102"}],"curies":[{"name":"wp","href":"https:\/\/api.w.org\/{rel}","templated":true}]}}